{"id":211274,"date":"2018-03-21T11:33:53","date_gmt":"2018-03-21T14:33:53","guid":{"rendered":"https:\/\/render.tips\/uncategorized\/solidworks-2018-zeichnung"},"modified":"2020-02-03T22:05:40","modified_gmt":"2020-02-04T01:05:40","slug":"solidworks-2018-zeichnung","status":"publish","type":"product","link":"https:\/\/render.tips\/de\/kurse\/solidworks-de\/solidworks-2018-zeichnung","title":{"rendered":"Kurs SolidWorks 2018 Zeichnung"},"content":{"rendered":"<p>In praktischen und dynamischen Videolektionen erfahren Sie, wie Sie Details in SolidWorks erstellen. Lernen Sie, wie Sie die Vorlage ausw\u00e4hlen, das Blatt, den Ma\u00dfstab und den Stil der Ansichten konfigurieren, Teile und Baugruppen automatisch generieren, Schnittansichten und Detailansichten hinzuf\u00fcgen, Bema\u00dfungen, Symbole, St\u00fccklisten usw. einf\u00fcgen. Sicheres Lernen mit Beispielen und erg\u00e4nzenden \u00dcbungen. Starten Sie diesen Kurs jetzt und werden Sie ein erfolgreicher Designer!<\/p>\n","protected":false},"excerpt":{"rendered":"<p><span style=\"color: #ff6600\">Erfahren Sie, wie Sie in SolidWorks Drill-Down durchf\u00fchren und ganz einfach das technische Design Ihres Projekts erstellen k\u00f6nnen!<\/span><\/p>\n","protected":false},"featured_media":229327,"comment_status":"open","ping_status":"closed","template":"","meta":[],"product_cat":[505,942,819],"product_tag":[],"acf":[],"yoast_head":"<!-- This site is optimized with the Yoast SEO plugin v15.9 - https:\/\/yoast.com\/wordpress\/plugins\/seo\/ -->\n<title>Kurs SolidWorks 2018 Zeichnung | Online Courses from Basic to Advanced | RenderTips<\/title>\n<meta name=\"description\" content=\"Erfahren Sie, wie Sie in SolidWorks Drill-Down durchf\u00fchren und ganz einfach das technische Design Ihres Projekts erstellen k\u00f6nnen!\" \/>\n<meta name=\"robots\" content=\"index, follow, max-snippet:-1, max-image-preview:large, max-video-preview:-1\" \/>\n<link rel=\"canonical\" href=\"https:\/\/render.tips\/de\/kurse\/solidworks-de\/solidworks-2018-zeichnung\" \/>\n<meta property=\"og:locale\" content=\"de_DE\" \/>\n<meta property=\"og:type\" content=\"article\" \/>\n<meta property=\"og:title\" content=\"Kurs SolidWorks 2018 Zeichnung | Online Courses from Basic to Advanced | RenderTips\" \/>\n<meta property=\"og:description\" content=\"Erfahren Sie, wie Sie in SolidWorks Drill-Down durchf\u00fchren und ganz einfach das technische Design Ihres Projekts erstellen k\u00f6nnen!\" \/>\n<meta property=\"og:url\" content=\"https:\/\/render.tips\/de\/kurse\/solidworks-de\/solidworks-2018-zeichnung\" \/>\n<meta property=\"og:site_name\" content=\"Online Courses from Basic to Advanced | RenderTips\" \/>\n<meta property=\"article:publisher\" content=\"https:\/\/www.facebook.com\/rendertipscourses\/\" \/>\n<meta property=\"article:modified_time\" content=\"2020-02-04T01:05:40+00:00\" \/>\n<meta property=\"og:image\" content=\"https:\/\/static.render.tips\/wp-content\/uploads\/2019\/10\/SW18-ZEICH-DEU_facebook.png\" \/>\n\t<meta property=\"og:image:width\" content=\"1200\" \/>\n\t<meta property=\"og:image:height\" content=\"627\" \/>\n<meta name=\"twitter:card\" content=\"summary_large_image\" \/>\n<meta name=\"twitter:image\" content=\"https:\/\/static.render.tips\/wp-content\/uploads\/2020\/02\/SW18-ZEICH-DEU_facebook.png\" \/>\n<meta name=\"twitter:site\" content=\"@rendertips\" \/>\n<script type=\"application\/ld+json\" class=\"yoast-schema-graph\">{\"@context\":\"https:\/\/schema.org\",\"@graph\":[{\"@type\":\"Organization\",\"@id\":\"https:\/\/render.tips\/#organization\",\"name\":\"Render Tips\",\"url\":\"https:\/\/render.tips\/\",\"sameAs\":[\"https:\/\/www.facebook.com\/rendertipscourses\/\",\"https:\/\/www.instagram.com\/rendertips\/\",\"https:\/\/www.youtube.com\/channel\/UCx_9bcvh0_AQFGXxJ0StKSQ\",\"https:\/\/twitter.com\/rendertips\"],\"logo\":{\"@type\":\"ImageObject\",\"@id\":\"https:\/\/render.tips\/#logo\",\"inLanguage\":\"de-DE\",\"url\":\"https:\/\/static.render.tips\/wp-content\/uploads\/2019\/08\/logo_1024.png\",\"width\":1024,\"height\":1024,\"caption\":\"Render Tips\"},\"image\":{\"@id\":\"https:\/\/render.tips\/#logo\"}},{\"@type\":\"WebSite\",\"@id\":\"https:\/\/render.tips\/#website\",\"url\":\"https:\/\/render.tips\/\",\"name\":\"Online Courses from Basic to Advanced | RenderTips\",\"description\":\"Technology Online Courses - Solidworks, Autocad, Inventor, 3ds Max and More\",\"publisher\":{\"@id\":\"https:\/\/render.tips\/#organization\"},\"potentialAction\":[{\"@type\":\"SearchAction\",\"target\":\"https:\/\/render.tips\/?s={search_term_string}\",\"query-input\":\"required name=search_term_string\"}],\"inLanguage\":\"de-DE\"},{\"@type\":\"ImageObject\",\"@id\":\"https:\/\/render.tips\/de\/kurse\/solidworks-de\/solidworks-2018-zeichnung#primaryimage\",\"inLanguage\":\"de-DE\",\"url\":\"https:\/\/static.render.tips\/wp-content\/uploads\/2020\/02\/Curso-solidworks-2018-zeichnung-SW18-ZEICH-DEU_destaque-20200203225956.jpg\",\"width\":229,\"height\":162},{\"@type\":\"WebPage\",\"@id\":\"https:\/\/render.tips\/de\/kurse\/solidworks-de\/solidworks-2018-zeichnung#webpage\",\"url\":\"https:\/\/render.tips\/de\/kurse\/solidworks-de\/solidworks-2018-zeichnung\",\"name\":\"Kurs SolidWorks 2018 Zeichnung | Online Courses from Basic to Advanced | RenderTips\",\"isPartOf\":{\"@id\":\"https:\/\/render.tips\/#website\"},\"primaryImageOfPage\":{\"@id\":\"https:\/\/render.tips\/de\/kurse\/solidworks-de\/solidworks-2018-zeichnung#primaryimage\"},\"datePublished\":\"2018-03-21T14:33:53+00:00\",\"dateModified\":\"2020-02-04T01:05:40+00:00\",\"description\":\"Erfahren Sie, wie Sie in SolidWorks Drill-Down durchf\\u00fchren und ganz einfach das technische Design Ihres Projekts erstellen k\\u00f6nnen!\",\"breadcrumb\":{\"@id\":\"https:\/\/render.tips\/de\/kurse\/solidworks-de\/solidworks-2018-zeichnung#breadcrumb\"},\"inLanguage\":\"de-DE\",\"potentialAction\":[{\"@type\":\"ReadAction\",\"target\":[\"https:\/\/render.tips\/de\/kurse\/solidworks-de\/solidworks-2018-zeichnung\"]}]},{\"@type\":\"BreadcrumbList\",\"@id\":\"https:\/\/render.tips\/de\/kurse\/solidworks-de\/solidworks-2018-zeichnung#breadcrumb\",\"itemListElement\":[{\"@type\":\"ListItem\",\"position\":1,\"item\":{\"@type\":\"WebPage\",\"@id\":\"https:\/\/render.tips\/de\",\"url\":\"https:\/\/render.tips\/de\",\"name\":\"Home\"}},{\"@type\":\"ListItem\",\"position\":2,\"item\":{\"@type\":\"WebPage\",\"@id\":\"https:\/\/render.tips\/de\/shop\",\"url\":\"https:\/\/render.tips\/de\/shop\",\"name\":\"Shop\"}},{\"@type\":\"ListItem\",\"position\":3,\"item\":{\"@type\":\"WebPage\",\"@id\":\"https:\/\/render.tips\/de\/kurse\/solidworks-de\/solidworks-2018-zeichnung\",\"url\":\"https:\/\/render.tips\/de\/kurse\/solidworks-de\/solidworks-2018-zeichnung\",\"name\":\"Kurs SolidWorks 2018 Zeichnung\"}}]}]}<\/script>\n<!-- \/ Yoast SEO plugin. -->","_links":{"self":[{"href":"https:\/\/render.tips\/de\/wp-json\/wp\/v2\/product\/211274"}],"collection":[{"href":"https:\/\/render.tips\/de\/wp-json\/wp\/v2\/product"}],"about":[{"href":"https:\/\/render.tips\/de\/wp-json\/wp\/v2\/types\/product"}],"replies":[{"embeddable":true,"href":"https:\/\/render.tips\/de\/wp-json\/wp\/v2\/comments?post=211274"}],"wp:featuredmedia":[{"embeddable":true,"href":"https:\/\/render.tips\/de\/wp-json\/wp\/v2\/media\/229327"}],"wp:attachment":[{"href":"https:\/\/render.tips\/de\/wp-json\/wp\/v2\/media?parent=211274"}],"wp:term":[{"taxonomy":"product_cat","embeddable":true,"href":"https:\/\/render.tips\/de\/wp-json\/wp\/v2\/product_cat?post=211274"},{"taxonomy":"product_tag","embeddable":true,"href":"https:\/\/render.tips\/de\/wp-json\/wp\/v2\/product_tag?post=211274"}],"curies":[{"name":"wp","href":"https:\/\/api.w.org\/{rel}","templated":true}]}}