{"id":211107,"date":"2018-06-12T00:00:51","date_gmt":"2018-06-12T03:00:51","guid":{"rendered":"https:\/\/render.tips\/uncategorized\/solidworks-simulation-statische-analyse"},"modified":"2020-02-03T16:13:21","modified_gmt":"2020-02-03T19:13:21","slug":"solidworks-simulation-statische-analyse","status":"publish","type":"product","link":"https:\/\/render.tips\/de\/kurse\/solidworks-de\/solidworks-simulation-statische-analyse","title":{"rendered":"Kurs SolidWorks Simulation &#8211; Statische Analyse"},"content":{"rendered":"<p>Innovieren Sie Ihre Projekte bei gleichzeitiger Zuverl\u00e4ssigkeit und Vermeidung von Risiken. In diesem Kurs lernen Sie, wie Sie Ihre Projekte in der virtuellen SolidWorks Umgebung testen, die Anwendung der Bem\u00fchungen simulieren und \u00fcberpr\u00fcfen, ob das Projekt den auferlegten Bedingungen standh\u00e4lt. Mit dynamischen Kursen, Praxisbeispielen und \u00dcbungen, die von professionellen Spezialisten auf dem Gebiet entwickelt wurden, haben Sie ein komplettes Lernen f\u00fcr die Simulation von Teilen und Baugruppen. Erfahren Sie, wie Sie Volumen-, Schalen- und Balkengeflecht, Lagerbelastung, Kraft, Druck und Temperatur, globale und spezifische Kontakte, Stift- und Schraubverbinder und vieles mehr anwenden. Starten Sie diesen Kurs jetzt, spezialisieren Sie sich auf den CAE-Bereich und seien Sie Teil des ausgew\u00e4hlten Projektsimulationsbereichs.<\/p>\n","protected":false},"excerpt":{"rendered":"<p><span style=\"color: #ff6600\">Erfahren Sie, wie Sie Ihre Konstruktionen f\u00fcr Teile und Baugruppen validieren, indem Sie sie in der SolidWorks CAE-Umgebung simulieren.<\/span><\/p>\n","protected":false},"featured_media":229131,"comment_status":"open","ping_status":"closed","template":"","meta":[],"product_cat":[505,936,942,819],"product_tag":[],"acf":[],"yoast_head":"<!-- This site is optimized with the Yoast SEO plugin v15.9 - https:\/\/yoast.com\/wordpress\/plugins\/seo\/ -->\n<title>Kurs SolidWorks Simulation - Statische Analyse | Online Courses from Basic to Advanced | RenderTips<\/title>\n<meta name=\"description\" content=\"Erfahren Sie, wie Sie Ihre Konstruktionen f\u00fcr Teile und Baugruppen validieren, indem Sie sie in der SolidWorks CAE-Umgebung simulieren.\" \/>\n<meta name=\"robots\" content=\"index, follow, max-snippet:-1, max-image-preview:large, max-video-preview:-1\" \/>\n<link rel=\"canonical\" href=\"https:\/\/render.tips\/de\/kurse\/solidworks-de\/solidworks-simulation-statische-analyse\" \/>\n<meta property=\"og:locale\" content=\"de_DE\" \/>\n<meta property=\"og:type\" content=\"article\" \/>\n<meta property=\"og:title\" content=\"Kurs SolidWorks Simulation - Statische Analyse | Online Courses from Basic to Advanced | RenderTips\" \/>\n<meta property=\"og:description\" content=\"Erfahren Sie, wie Sie Ihre Konstruktionen f\u00fcr Teile und Baugruppen validieren, indem Sie sie in der SolidWorks CAE-Umgebung simulieren.\" \/>\n<meta property=\"og:url\" content=\"https:\/\/render.tips\/de\/kurse\/solidworks-de\/solidworks-simulation-statische-analyse\" \/>\n<meta property=\"og:site_name\" content=\"Online Courses from Basic to Advanced | RenderTips\" \/>\n<meta property=\"article:publisher\" content=\"https:\/\/www.facebook.com\/rendertipscourses\/\" \/>\n<meta property=\"article:modified_time\" content=\"2020-02-03T19:13:21+00:00\" \/>\n<meta property=\"og:image\" content=\"https:\/\/static.render.tips\/wp-content\/uploads\/2019\/10\/SW18-SIM-SA-DEU_facebook.png\" \/>\n\t<meta property=\"og:image:width\" content=\"1200\" \/>\n\t<meta property=\"og:image:height\" content=\"627\" \/>\n<meta name=\"twitter:card\" content=\"summary_large_image\" \/>\n<meta name=\"twitter:image\" content=\"https:\/\/static.render.tips\/wp-content\/uploads\/2020\/02\/SW18-SIM-SA-DEU_facebook.png\" \/>\n<meta name=\"twitter:site\" content=\"@rendertips\" \/>\n<meta name=\"twitter:label1\" content=\"Gesch\u00e4tzte Lesezeit\">\n\t<meta name=\"twitter:data1\" content=\"1 Minute\">\n<script type=\"application\/ld+json\" class=\"yoast-schema-graph\">{\"@context\":\"https:\/\/schema.org\",\"@graph\":[{\"@type\":\"Organization\",\"@id\":\"https:\/\/render.tips\/#organization\",\"name\":\"Render Tips\",\"url\":\"https:\/\/render.tips\/\",\"sameAs\":[\"https:\/\/www.facebook.com\/rendertipscourses\/\",\"https:\/\/www.instagram.com\/rendertips\/\",\"https:\/\/www.youtube.com\/channel\/UCx_9bcvh0_AQFGXxJ0StKSQ\",\"https:\/\/twitter.com\/rendertips\"],\"logo\":{\"@type\":\"ImageObject\",\"@id\":\"https:\/\/render.tips\/#logo\",\"inLanguage\":\"de-DE\",\"url\":\"https:\/\/static.render.tips\/wp-content\/uploads\/2019\/08\/logo_1024.png\",\"width\":1024,\"height\":1024,\"caption\":\"Render Tips\"},\"image\":{\"@id\":\"https:\/\/render.tips\/#logo\"}},{\"@type\":\"WebSite\",\"@id\":\"https:\/\/render.tips\/#website\",\"url\":\"https:\/\/render.tips\/\",\"name\":\"Online Courses from Basic to Advanced | RenderTips\",\"description\":\"Technology Online Courses - Solidworks, Autocad, Inventor, 3ds Max and More\",\"publisher\":{\"@id\":\"https:\/\/render.tips\/#organization\"},\"potentialAction\":[{\"@type\":\"SearchAction\",\"target\":\"https:\/\/render.tips\/?s={search_term_string}\",\"query-input\":\"required name=search_term_string\"}],\"inLanguage\":\"de-DE\"},{\"@type\":\"ImageObject\",\"@id\":\"https:\/\/render.tips\/de\/kurse\/solidworks-de\/solidworks-simulation-statische-analyse#primaryimage\",\"inLanguage\":\"de-DE\",\"url\":\"https:\/\/static.render.tips\/wp-content\/uploads\/2020\/02\/Curso-solidworks-simulation-statische-analyse-SW18-SIM-SA-DEU_destaque-20200203170744.jpg\",\"width\":229,\"height\":162},{\"@type\":\"WebPage\",\"@id\":\"https:\/\/render.tips\/de\/kurse\/solidworks-de\/solidworks-simulation-statische-analyse#webpage\",\"url\":\"https:\/\/render.tips\/de\/kurse\/solidworks-de\/solidworks-simulation-statische-analyse\",\"name\":\"Kurs SolidWorks Simulation - Statische Analyse | Online Courses from Basic to Advanced | RenderTips\",\"isPartOf\":{\"@id\":\"https:\/\/render.tips\/#website\"},\"primaryImageOfPage\":{\"@id\":\"https:\/\/render.tips\/de\/kurse\/solidworks-de\/solidworks-simulation-statische-analyse#primaryimage\"},\"datePublished\":\"2018-06-12T03:00:51+00:00\",\"dateModified\":\"2020-02-03T19:13:21+00:00\",\"description\":\"Erfahren Sie, wie Sie Ihre Konstruktionen f\\u00fcr Teile und Baugruppen validieren, indem Sie sie in der SolidWorks CAE-Umgebung simulieren.\",\"breadcrumb\":{\"@id\":\"https:\/\/render.tips\/de\/kurse\/solidworks-de\/solidworks-simulation-statische-analyse#breadcrumb\"},\"inLanguage\":\"de-DE\",\"potentialAction\":[{\"@type\":\"ReadAction\",\"target\":[\"https:\/\/render.tips\/de\/kurse\/solidworks-de\/solidworks-simulation-statische-analyse\"]}]},{\"@type\":\"BreadcrumbList\",\"@id\":\"https:\/\/render.tips\/de\/kurse\/solidworks-de\/solidworks-simulation-statische-analyse#breadcrumb\",\"itemListElement\":[{\"@type\":\"ListItem\",\"position\":1,\"item\":{\"@type\":\"WebPage\",\"@id\":\"https:\/\/render.tips\/de\",\"url\":\"https:\/\/render.tips\/de\",\"name\":\"Home\"}},{\"@type\":\"ListItem\",\"position\":2,\"item\":{\"@type\":\"WebPage\",\"@id\":\"https:\/\/render.tips\/de\/shop\",\"url\":\"https:\/\/render.tips\/de\/shop\",\"name\":\"Shop\"}},{\"@type\":\"ListItem\",\"position\":3,\"item\":{\"@type\":\"WebPage\",\"@id\":\"https:\/\/render.tips\/de\/kurse\/solidworks-de\/solidworks-simulation-statische-analyse\",\"url\":\"https:\/\/render.tips\/de\/kurse\/solidworks-de\/solidworks-simulation-statische-analyse\",\"name\":\"Kurs SolidWorks Simulation &#8211; Statische Analyse\"}}]}]}<\/script>\n<!-- \/ Yoast SEO plugin. -->","_links":{"self":[{"href":"https:\/\/render.tips\/de\/wp-json\/wp\/v2\/product\/211107"}],"collection":[{"href":"https:\/\/render.tips\/de\/wp-json\/wp\/v2\/product"}],"about":[{"href":"https:\/\/render.tips\/de\/wp-json\/wp\/v2\/types\/product"}],"replies":[{"embeddable":true,"href":"https:\/\/render.tips\/de\/wp-json\/wp\/v2\/comments?post=211107"}],"wp:featuredmedia":[{"embeddable":true,"href":"https:\/\/render.tips\/de\/wp-json\/wp\/v2\/media\/229131"}],"wp:attachment":[{"href":"https:\/\/render.tips\/de\/wp-json\/wp\/v2\/media?parent=211107"}],"wp:term":[{"taxonomy":"product_cat","embeddable":true,"href":"https:\/\/render.tips\/de\/wp-json\/wp\/v2\/product_cat?post=211107"},{"taxonomy":"product_tag","embeddable":true,"href":"https:\/\/render.tips\/de\/wp-json\/wp\/v2\/product_tag?post=211107"}],"curies":[{"name":"wp","href":"https:\/\/api.w.org\/{rel}","templated":true}]}}