{"id":211016,"date":"2018-06-12T01:00:27","date_gmt":"2018-06-12T04:00:27","guid":{"rendered":"https:\/\/render.tips\/uncategorized\/solidworks-simulation-erweiterte-statische-analyse"},"modified":"2020-02-03T15:35:20","modified_gmt":"2020-02-03T18:35:20","slug":"solidworks-simulation-erweiterte-statische-analyse","status":"publish","type":"product","link":"https:\/\/render.tips\/de\/kurse\/solidworks-de\/solidworks-simulation-erweiterte-statische-analyse","title":{"rendered":"Kurs SolidWorks Simulation &#8211; Erweiterte statische Analyse"},"content":{"rendered":"<p>In praktischen Videolektionen erfahren Sie, wie Sie erweiterte Simulationsfunktionen und -optionen nutzen k\u00f6nnen, indem Sie Ihre Projekte in der virtuellen SolidWorks Umgebung testen. Gewinnen Sie Wissen und werden Sie ein spezialisierter Simulationsdesigner in SolidWorks, der mit mehr Vertrauen und Leichtigkeit entwirft. Erfahren Sie mehr \u00fcber Solver und ihre Optionen, simulieren Sie gemischte Netzteile, wenden Sie mehrere Verbinder wie Federn, Schwei\u00dfn\u00e4hte und Lager an, verwenden Sie Fernlast, wenden Sie adaptive L\u00f6sungsmethoden an und vieles mehr! Seien Sie ein erfolgreicher Designer mit SolidWorks CAE-Features.<\/p>\n","protected":false},"excerpt":{"rendered":"<p><span style=\"color: #ff6600\">Lernen Sie erweiterte Simulationsoptionen und -funktionen kennen und \u00fcberpr\u00fcfen Sie komplexe Projekte einfacher und sicherer.<\/span><\/p>\n","protected":false},"featured_media":229053,"comment_status":"open","ping_status":"closed","template":"","meta":[],"product_cat":[505,936,942,819],"product_tag":[],"acf":[],"yoast_head":"<!-- This site is optimized with the Yoast SEO plugin v15.9 - https:\/\/yoast.com\/wordpress\/plugins\/seo\/ -->\n<title>Kurs SolidWorks Simulation - Erweiterte statische Analyse | Online Courses from Basic to Advanced | RenderTips<\/title>\n<meta name=\"description\" content=\"Lernen Sie erweiterte Simulationsoptionen und -funktionen kennen und \u00fcberpr\u00fcfen Sie komplexe Projekte einfacher und sicherer.\" \/>\n<meta name=\"robots\" content=\"index, follow, max-snippet:-1, max-image-preview:large, max-video-preview:-1\" \/>\n<link rel=\"canonical\" href=\"https:\/\/render.tips\/de\/kurse\/solidworks-de\/solidworks-simulation-erweiterte-statische-analyse\" \/>\n<meta property=\"og:locale\" content=\"de_DE\" \/>\n<meta property=\"og:type\" content=\"article\" \/>\n<meta property=\"og:title\" content=\"Kurs SolidWorks Simulation - Erweiterte statische Analyse | Online Courses from Basic to Advanced | RenderTips\" \/>\n<meta property=\"og:description\" content=\"Lernen Sie erweiterte Simulationsoptionen und -funktionen kennen und \u00fcberpr\u00fcfen Sie komplexe Projekte einfacher und sicherer.\" \/>\n<meta property=\"og:url\" content=\"https:\/\/render.tips\/de\/kurse\/solidworks-de\/solidworks-simulation-erweiterte-statische-analyse\" \/>\n<meta property=\"og:site_name\" content=\"Online Courses from Basic to Advanced | RenderTips\" \/>\n<meta property=\"article:publisher\" content=\"https:\/\/www.facebook.com\/rendertipscourses\/\" \/>\n<meta property=\"article:modified_time\" content=\"2020-02-03T18:35:20+00:00\" \/>\n<meta property=\"og:image\" content=\"https:\/\/static.render.tips\/wp-content\/uploads\/2019\/09\/SW18-SIM-ASA-DEU_facebook.png\" \/>\n\t<meta property=\"og:image:width\" content=\"1200\" \/>\n\t<meta property=\"og:image:height\" content=\"627\" \/>\n<meta name=\"twitter:card\" content=\"summary_large_image\" \/>\n<meta name=\"twitter:image\" content=\"https:\/\/static.render.tips\/wp-content\/uploads\/2019\/09\/SW18-SIM-ASA-DEU_facebook.png\" \/>\n<meta name=\"twitter:site\" content=\"@rendertips\" \/>\n<script type=\"application\/ld+json\" class=\"yoast-schema-graph\">{\"@context\":\"https:\/\/schema.org\",\"@graph\":[{\"@type\":\"Organization\",\"@id\":\"https:\/\/render.tips\/#organization\",\"name\":\"Render Tips\",\"url\":\"https:\/\/render.tips\/\",\"sameAs\":[\"https:\/\/www.facebook.com\/rendertipscourses\/\",\"https:\/\/www.instagram.com\/rendertips\/\",\"https:\/\/www.youtube.com\/channel\/UCx_9bcvh0_AQFGXxJ0StKSQ\",\"https:\/\/twitter.com\/rendertips\"],\"logo\":{\"@type\":\"ImageObject\",\"@id\":\"https:\/\/render.tips\/#logo\",\"inLanguage\":\"de-DE\",\"url\":\"https:\/\/static.render.tips\/wp-content\/uploads\/2019\/08\/logo_1024.png\",\"width\":1024,\"height\":1024,\"caption\":\"Render Tips\"},\"image\":{\"@id\":\"https:\/\/render.tips\/#logo\"}},{\"@type\":\"WebSite\",\"@id\":\"https:\/\/render.tips\/#website\",\"url\":\"https:\/\/render.tips\/\",\"name\":\"Online Courses from Basic to Advanced | RenderTips\",\"description\":\"Technology Online Courses - Solidworks, Autocad, Inventor, 3ds Max and More\",\"publisher\":{\"@id\":\"https:\/\/render.tips\/#organization\"},\"potentialAction\":[{\"@type\":\"SearchAction\",\"target\":\"https:\/\/render.tips\/?s={search_term_string}\",\"query-input\":\"required name=search_term_string\"}],\"inLanguage\":\"de-DE\"},{\"@type\":\"ImageObject\",\"@id\":\"https:\/\/render.tips\/de\/kurse\/solidworks-de\/solidworks-simulation-erweiterte-statische-analyse#primaryimage\",\"inLanguage\":\"de-DE\",\"url\":\"https:\/\/static.render.tips\/wp-content\/uploads\/2020\/02\/Curso-solidworks-simulation-erweiterte-statische-analyse-SW18-SIM-ASA-DEU_destaque-20200203162750.jpg\",\"width\":229,\"height\":162},{\"@type\":\"WebPage\",\"@id\":\"https:\/\/render.tips\/de\/kurse\/solidworks-de\/solidworks-simulation-erweiterte-statische-analyse#webpage\",\"url\":\"https:\/\/render.tips\/de\/kurse\/solidworks-de\/solidworks-simulation-erweiterte-statische-analyse\",\"name\":\"Kurs SolidWorks Simulation - Erweiterte statische Analyse | Online Courses from Basic to Advanced | RenderTips\",\"isPartOf\":{\"@id\":\"https:\/\/render.tips\/#website\"},\"primaryImageOfPage\":{\"@id\":\"https:\/\/render.tips\/de\/kurse\/solidworks-de\/solidworks-simulation-erweiterte-statische-analyse#primaryimage\"},\"datePublished\":\"2018-06-12T04:00:27+00:00\",\"dateModified\":\"2020-02-03T18:35:20+00:00\",\"description\":\"Lernen Sie erweiterte Simulationsoptionen und -funktionen kennen und \\u00fcberpr\\u00fcfen Sie komplexe Projekte einfacher und sicherer.\",\"breadcrumb\":{\"@id\":\"https:\/\/render.tips\/de\/kurse\/solidworks-de\/solidworks-simulation-erweiterte-statische-analyse#breadcrumb\"},\"inLanguage\":\"de-DE\",\"potentialAction\":[{\"@type\":\"ReadAction\",\"target\":[\"https:\/\/render.tips\/de\/kurse\/solidworks-de\/solidworks-simulation-erweiterte-statische-analyse\"]}]},{\"@type\":\"BreadcrumbList\",\"@id\":\"https:\/\/render.tips\/de\/kurse\/solidworks-de\/solidworks-simulation-erweiterte-statische-analyse#breadcrumb\",\"itemListElement\":[{\"@type\":\"ListItem\",\"position\":1,\"item\":{\"@type\":\"WebPage\",\"@id\":\"https:\/\/render.tips\/de\",\"url\":\"https:\/\/render.tips\/de\",\"name\":\"Home\"}},{\"@type\":\"ListItem\",\"position\":2,\"item\":{\"@type\":\"WebPage\",\"@id\":\"https:\/\/render.tips\/de\/shop\",\"url\":\"https:\/\/render.tips\/de\/shop\",\"name\":\"Shop\"}},{\"@type\":\"ListItem\",\"position\":3,\"item\":{\"@type\":\"WebPage\",\"@id\":\"https:\/\/render.tips\/de\/kurse\/solidworks-de\/solidworks-simulation-erweiterte-statische-analyse\",\"url\":\"https:\/\/render.tips\/de\/kurse\/solidworks-de\/solidworks-simulation-erweiterte-statische-analyse\",\"name\":\"Kurs SolidWorks Simulation &#8211; Erweiterte statische Analyse\"}}]}]}<\/script>\n<!-- \/ Yoast SEO plugin. -->","_links":{"self":[{"href":"https:\/\/render.tips\/de\/wp-json\/wp\/v2\/product\/211016"}],"collection":[{"href":"https:\/\/render.tips\/de\/wp-json\/wp\/v2\/product"}],"about":[{"href":"https:\/\/render.tips\/de\/wp-json\/wp\/v2\/types\/product"}],"replies":[{"embeddable":true,"href":"https:\/\/render.tips\/de\/wp-json\/wp\/v2\/comments?post=211016"}],"wp:featuredmedia":[{"embeddable":true,"href":"https:\/\/render.tips\/de\/wp-json\/wp\/v2\/media\/229053"}],"wp:attachment":[{"href":"https:\/\/render.tips\/de\/wp-json\/wp\/v2\/media?parent=211016"}],"wp:term":[{"taxonomy":"product_cat","embeddable":true,"href":"https:\/\/render.tips\/de\/wp-json\/wp\/v2\/product_cat?post=211016"},{"taxonomy":"product_tag","embeddable":true,"href":"https:\/\/render.tips\/de\/wp-json\/wp\/v2\/product_tag?post=211016"}],"curies":[{"name":"wp","href":"https:\/\/api.w.org\/{rel}","templated":true}]}}