{"id":208289,"date":"2017-01-09T02:06:49","date_gmt":"2017-01-09T04:06:49","guid":{"rendered":"https:\/\/render.tips\/certificacoes\/reprovei"},"modified":"2019-11-15T00:58:12","modified_gmt":"2019-11-15T02:58:12","slug":"neue-zertifizierung","status":"publish","type":"page","link":"https:\/\/render.tips\/de\/zertifizierungen\/neue-zertifizierung","title":{"rendered":"Ich missbilligte, was jetzt?"},"content":{"rendered":"<div class=\"wpb-content-wrapper\"><p>[vc_row][vc_column][vc_separator][\/vc_column][vc_column width=&#8220;1\/4&#8243; offset=&#8220;vc_hidden-sm vc_hidden-xs&#8220;][vc_column_text]<div class=\"menu-certif-default menu-left-default\"><ul id=\"menu-sobre-render-german\" class=\"menu\"><li id=\"menu-item-208501\" class=\"menu-item menu-item-type-post_type menu-item-object-page menu-item-208501\"><a href=\"https:\/\/render.tips\/de\/uber-render-tips\">\u00dcber Render.tips<\/a><\/li>\n<li id=\"menu-item-208502\" class=\"menu-item menu-item-type-post_type menu-item-object-page menu-item-208502\"><a href=\"https:\/\/render.tips\/de\/uber-render-tips\/lehrmethode\">Lehrmethode<\/a><\/li>\n<li id=\"menu-item-208505\" class=\"menu-item menu-item-type-post_type menu-item-object-page menu-item-208505\"><a href=\"https:\/\/render.tips\/de\/uber-render-tips\/sicherheit\">Seguran\u00e7a<\/a><\/li>\n<li id=\"menu-item-208503\" class=\"menu-item menu-item-type-post_type menu-item-object-page menu-item-208503\"><a href=\"https:\/\/render.tips\/de\/uber-render-tips\/produkte\">Produkte<\/a><\/li>\n<\/ul><\/div>[\/vc_column_text][vc_separator][vc_single_image image=&#8220;97404&#8243; img_size=&#8220;full&#8220;][\/vc_column][vc_column offset=&#8220;vc_col-lg-9 vc_col-md-9&#8243;][vc_row_inner][vc_column_inner][vc_column_text]<\/p>\n<ul>\n<li>Wenn Sie den Test zum ersten Mal aktivieren, das Test-Timeout \u00fcberschreiten oder den erforderlichen Durchschnitt nicht erreichen, k\u00f6nnen Sie den Test nur einmal kostenlos wiederholen. Der Retest wird in 2 Stunden ver\u00f6ffentlicht *;<\/li>\n<li>Wenn dies fehlschl\u00e4gt, werden am Ende des Tests Themen angezeigt, die auf der Grundlage der gemachten Fehler \u00fcberpr\u00fcft werden sollten. Falsch beantwortete Fragen werden nicht angezeigt.<\/li>\n<li>Wenn Sie beide Tests nicht bestehen, m\u00fcssen Sie denselben Kurs erneut belegen, um den Test erneut zu absolvieren. Dies erm\u00f6glicht zwei weitere Versuche.<\/li>\n<li>Wir empfehlen Ihnen, w\u00e4hrend des gesamten Kurses weitere Fragen zu stellen, bevor Sie Ihren Zertifizierungstest aktivieren, Ihr Wissen testen, den Inhalt \u00fcberpr\u00fcfen und sich mit dem System zur Vorbereitung auf den Zertifizierungstest vertraut machen.<\/li>\n<\/ul>\n<p>[\/vc_column_text][\/vc_column_inner][\/vc_row_inner][\/vc_column][\/vc_row][vc_row][vc_column offset=&#8220;vc_hidden-lg vc_hidden-md&#8220;][vc_empty_space height=&#8220;30px&#8220;][vc_cta h2=&#8220;Menu&#8220; txt_align=&#8220;center&#8220;]<div class=\"menu-certif-default menu-left-default\"><ul id=\"menu-sobre-render-german-1\" class=\"menu\"><li class=\"menu-item menu-item-type-post_type menu-item-object-page menu-item-208501\"><a href=\"https:\/\/render.tips\/de\/uber-render-tips\">\u00dcber Render.tips<\/a><\/li>\n<li class=\"menu-item menu-item-type-post_type menu-item-object-page menu-item-208502\"><a href=\"https:\/\/render.tips\/de\/uber-render-tips\/lehrmethode\">Lehrmethode<\/a><\/li>\n<li class=\"menu-item menu-item-type-post_type menu-item-object-page menu-item-208505\"><a href=\"https:\/\/render.tips\/de\/uber-render-tips\/sicherheit\">Seguran\u00e7a<\/a><\/li>\n<li class=\"menu-item menu-item-type-post_type menu-item-object-page menu-item-208503\"><a href=\"https:\/\/render.tips\/de\/uber-render-tips\/produkte\">Produkte<\/a><\/li>\n<\/ul><\/div>[\/vc_cta][\/vc_column][\/vc_row]<\/p>\n<\/div>","protected":false},"excerpt":{"rendered":"<p>[vc_row][vc_column][vc_separator][\/vc_column][vc_column width=&#8220;1\/4&#8243; offset=&#8220;vc_hidden-sm vc_hidden-xs&#8220;][vc_column_text][\/vc_column_text][vc_separator][vc_single_image image=&#8220;97404&#8243; img_size=&#8220;full&#8220;][\/vc_column][vc_column offset=&#8220;vc_col-lg-9 vc_col-md-9&#8243;][vc_row_inner][vc_column_inner][vc_column_text] Wenn Sie den Test zum ersten Mal aktivieren, das Test-Timeout \u00fcberschreiten oder den erforderlichen Durchschnitt nicht erreichen, k\u00f6nnen Sie den Test nur<\/p>\n","protected":false},"author":1,"featured_media":0,"parent":208269,"menu_order":0,"comment_status":"closed","ping_status":"closed","template":"","meta":[],"acf":[],"yoast_head":"<!-- This site is optimized with the Yoast SEO plugin v15.9 - https:\/\/yoast.com\/wordpress\/plugins\/seo\/ -->\n<title>Ich missbilligte, was jetzt? | Online Courses from Basic to Advanced | RenderTips<\/title>\n<meta name=\"description\" content=\"Caso voc\u00ea exceder o tempo limite do teste ou n\u00e3o atingir a m\u00e9dia necess\u00e1ria no Teste de Certifica\u00e7\u00e3o, poder\u00e1 comprar a Certifica\u00e7\u00e3o Individualmente e fazer um Novo Teste.\" \/>\n<meta name=\"robots\" content=\"index, follow, max-snippet:-1, max-image-preview:large, max-video-preview:-1\" \/>\n<link rel=\"canonical\" href=\"https:\/\/www.render.tips\/de\/zertifizierungen\/neue-zertifizierung\" \/>\n<meta property=\"og:locale\" content=\"de_DE\" \/>\n<meta property=\"og:type\" content=\"article\" \/>\n<meta property=\"og:title\" content=\"Ich missbilligte, was jetzt? | Online Courses from Basic to Advanced | RenderTips\" \/>\n<meta property=\"og:description\" content=\"Caso voc\u00ea exceder o tempo limite do teste ou n\u00e3o atingir a m\u00e9dia necess\u00e1ria no Teste de Certifica\u00e7\u00e3o, poder\u00e1 comprar a Certifica\u00e7\u00e3o Individualmente e fazer um Novo Teste.\" \/>\n<meta property=\"og:url\" content=\"https:\/\/www.render.tips\/de\/zertifizierungen\/neue-zertifizierung\" \/>\n<meta property=\"og:site_name\" content=\"Online Courses from Basic to Advanced | RenderTips\" \/>\n<meta property=\"article:publisher\" content=\"https:\/\/www.facebook.com\/rendertipscourses\/\" \/>\n<meta property=\"article:modified_time\" content=\"2019-11-15T02:58:12+00:00\" \/>\n<meta property=\"og:image\" content=\"https:\/\/static.render.tips\/wp-content\/uploads\/2019\/08\/logo_1024.png\" \/>\n\t<meta property=\"og:image:width\" content=\"1024\" \/>\n\t<meta property=\"og:image:height\" content=\"1024\" \/>\n<meta name=\"twitter:card\" content=\"summary_large_image\" \/>\n<meta name=\"twitter:site\" content=\"@rendertips\" \/>\n<meta name=\"twitter:label1\" content=\"Gesch\u00e4tzte Lesezeit\">\n\t<meta name=\"twitter:data1\" content=\"1 Minute\">\n<script type=\"application\/ld+json\" class=\"yoast-schema-graph\">{\"@context\":\"https:\/\/schema.org\",\"@graph\":[{\"@type\":\"Organization\",\"@id\":\"https:\/\/render.tips\/#organization\",\"name\":\"Render Tips\",\"url\":\"https:\/\/render.tips\/\",\"sameAs\":[\"https:\/\/www.facebook.com\/rendertipscourses\/\",\"https:\/\/www.instagram.com\/rendertips\/\",\"https:\/\/www.youtube.com\/channel\/UCx_9bcvh0_AQFGXxJ0StKSQ\",\"https:\/\/twitter.com\/rendertips\"],\"logo\":{\"@type\":\"ImageObject\",\"@id\":\"https:\/\/render.tips\/#logo\",\"inLanguage\":\"de-DE\",\"url\":\"https:\/\/static.render.tips\/wp-content\/uploads\/2019\/08\/logo_1024.png\",\"width\":1024,\"height\":1024,\"caption\":\"Render Tips\"},\"image\":{\"@id\":\"https:\/\/render.tips\/#logo\"}},{\"@type\":\"WebSite\",\"@id\":\"https:\/\/render.tips\/#website\",\"url\":\"https:\/\/render.tips\/\",\"name\":\"Online Courses from Basic to Advanced | RenderTips\",\"description\":\"Technology Online Courses - Solidworks, Autocad, Inventor, 3ds Max and More\",\"publisher\":{\"@id\":\"https:\/\/render.tips\/#organization\"},\"potentialAction\":[{\"@type\":\"SearchAction\",\"target\":\"https:\/\/render.tips\/?s={search_term_string}\",\"query-input\":\"required name=search_term_string\"}],\"inLanguage\":\"de-DE\"},{\"@type\":\"WebPage\",\"@id\":\"https:\/\/www.render.tips\/de\/zertifizierungen\/neue-zertifizierung#webpage\",\"url\":\"https:\/\/www.render.tips\/de\/zertifizierungen\/neue-zertifizierung\",\"name\":\"Ich missbilligte, was jetzt? | Online Courses from Basic to Advanced | RenderTips\",\"isPartOf\":{\"@id\":\"https:\/\/render.tips\/#website\"},\"datePublished\":\"2017-01-09T04:06:49+00:00\",\"dateModified\":\"2019-11-15T02:58:12+00:00\",\"description\":\"Caso voc\\u00ea exceder o tempo limite do teste ou n\\u00e3o atingir a m\\u00e9dia necess\\u00e1ria no Teste de Certifica\\u00e7\\u00e3o, poder\\u00e1 comprar a Certifica\\u00e7\\u00e3o Individualmente e fazer um Novo Teste.\",\"breadcrumb\":{\"@id\":\"https:\/\/www.render.tips\/de\/zertifizierungen\/neue-zertifizierung#breadcrumb\"},\"inLanguage\":\"de-DE\",\"potentialAction\":[{\"@type\":\"ReadAction\",\"target\":[\"https:\/\/www.render.tips\/de\/zertifizierungen\/neue-zertifizierung\"]}]},{\"@type\":\"BreadcrumbList\",\"@id\":\"https:\/\/www.render.tips\/de\/zertifizierungen\/neue-zertifizierung#breadcrumb\",\"itemListElement\":[{\"@type\":\"ListItem\",\"position\":1,\"item\":{\"@type\":\"WebPage\",\"@id\":\"https:\/\/render.tips\/de\",\"url\":\"https:\/\/render.tips\/de\",\"name\":\"Home\"}},{\"@type\":\"ListItem\",\"position\":2,\"item\":{\"@type\":\"WebPage\",\"@id\":\"https:\/\/render.tips\/de\/zertifizierungen\",\"url\":\"https:\/\/render.tips\/de\/zertifizierungen\",\"name\":\"Zertifizierungen\"}},{\"@type\":\"ListItem\",\"position\":3,\"item\":{\"@type\":\"WebPage\",\"@id\":\"https:\/\/www.render.tips\/de\/zertifizierungen\/neue-zertifizierung\",\"url\":\"https:\/\/www.render.tips\/de\/zertifizierungen\/neue-zertifizierung\",\"name\":\"Ich missbilligte, was jetzt?\"}}]}]}<\/script>\n<!-- \/ Yoast SEO plugin. -->","_links":{"self":[{"href":"https:\/\/render.tips\/de\/wp-json\/wp\/v2\/pages\/208289"}],"collection":[{"href":"https:\/\/render.tips\/de\/wp-json\/wp\/v2\/pages"}],"about":[{"href":"https:\/\/render.tips\/de\/wp-json\/wp\/v2\/types\/page"}],"author":[{"embeddable":true,"href":"https:\/\/render.tips\/de\/wp-json\/wp\/v2\/users\/1"}],"replies":[{"embeddable":true,"href":"https:\/\/render.tips\/de\/wp-json\/wp\/v2\/comments?post=208289"}],"version-history":[{"count":2,"href":"https:\/\/render.tips\/de\/wp-json\/wp\/v2\/pages\/208289\/revisions"}],"predecessor-version":[{"id":208778,"href":"https:\/\/render.tips\/de\/wp-json\/wp\/v2\/pages\/208289\/revisions\/208778"}],"up":[{"embeddable":true,"href":"https:\/\/render.tips\/de\/wp-json\/wp\/v2\/pages\/208269"}],"wp:attachment":[{"href":"https:\/\/render.tips\/de\/wp-json\/wp\/v2\/media?parent=208289"}],"curies":[{"name":"wp","href":"https:\/\/api.w.org\/{rel}","templated":true}]}}