{"id":208281,"date":"2017-01-09T02:05:25","date_gmt":"2017-01-09T04:05:25","guid":{"rendered":"https:\/\/render.tips\/certificacoes\/diferenciais"},"modified":"2019-11-15T01:01:11","modified_gmt":"2019-11-15T03:01:11","slug":"zertifikatsfunktionen","status":"publish","type":"page","link":"https:\/\/render.tips\/de\/zertifizierungen\/zertifikatsfunktionen","title":{"rendered":"Zertifikatsfunktionen"},"content":{"rendered":"<div class=\"wpb-content-wrapper\"><p>[vc_row][vc_column][vc_separator][\/vc_column][vc_column width=&#8220;1\/4&#8243; offset=&#8220;vc_hidden-sm vc_hidden-xs&#8220;][vc_column_text]<div class=\"menu-certif-default menu-left-default\"><ul id=\"menu-sobre-render-german\" class=\"menu\"><li id=\"menu-item-208501\" class=\"menu-item menu-item-type-post_type menu-item-object-page menu-item-208501\"><a href=\"https:\/\/render.tips\/de\/uber-render-tips\">\u00dcber Render.tips<\/a><\/li>\n<li id=\"menu-item-208502\" class=\"menu-item menu-item-type-post_type menu-item-object-page menu-item-208502\"><a href=\"https:\/\/render.tips\/de\/uber-render-tips\/lehrmethode\">Lehrmethode<\/a><\/li>\n<li id=\"menu-item-208505\" class=\"menu-item menu-item-type-post_type menu-item-object-page menu-item-208505\"><a href=\"https:\/\/render.tips\/de\/uber-render-tips\/sicherheit\">Seguran\u00e7a<\/a><\/li>\n<li id=\"menu-item-208503\" class=\"menu-item menu-item-type-post_type menu-item-object-page menu-item-208503\"><a href=\"https:\/\/render.tips\/de\/uber-render-tips\/produkte\">Produkte<\/a><\/li>\n<\/ul><\/div>[\/vc_column_text][vc_separator][vc_single_image image=&#8220;97404&#8243; img_size=&#8220;full&#8220;][\/vc_column][vc_column offset=&#8220;vc_col-lg-9 vc_col-md-9&#8243;][vc_row_inner][vc_column_inner][vc_single_image image=&#8220;133974&#8243; img_size=&#8220;large&#8220;][vc_column_text]<strong>1 &#8211; Eindeutige Identifikationsnummer<\/strong><\/p>\n<p>Es ist eine eindeutige und nicht \u00fcbertragbare Nummer. Sie k\u00f6nnen es auf unserer Website einsehen, um die Echtheit des Zertifikats zu \u00fcberpr\u00fcfen.<\/p>\n<p><strong>2 &#8211; Zweidimensionaler Barcode<\/strong><\/p>\n<p>Es enth\u00e4lt eindeutige und verschl\u00fcsselte Informationen der Person, die sich vergewissert hat. \u00dcber das Bild des Siegels \u201eQR-Code\u201c k\u00f6nnen Sie die Echtheit des Zertifikats mit einem QR-Code-Leser und Internetzugang \u00fcberpr\u00fcfen.<\/p>\n<p><strong>3 &#8211; Zertifikatformat<\/strong><\/p>\n<p>Die hochwertige Bilddatei der Zulassungsbescheinigung steht im Studentenbereich zum Download bereit. Der Sch\u00fcler kann es so drucken, wie er es m\u00f6chte, wobei eine gute Bildqualit\u00e4t f\u00fcr das Zertifikat erhalten bleibt. Urspr\u00fcnglich ist die Gr\u00f6\u00dfe des Zertifikatdrucks 21 cm x 34 cm. Durch Beibehalten des Seitenverh\u00e4ltnisses k\u00f6nnen Sie die Druckgr\u00f6\u00dfe leicht variieren, ohne an Qualit\u00e4t zu verlieren.<\/p>\n<p><strong>4 &#8211; Module und Lektionen<\/strong><\/p>\n<p>Lehrplan (Auflistung der Module und Klassen).<\/p>\n<p><strong>Zertifikatsfu\u00dfzeile mit<\/strong><\/p>\n<p>Kursname, Kursinhalt, Studentenname und ID als Einschreiben, Firmen-ID, zweidimensionaler Barcode zur Identifizierung.[\/vc_column_text][\/vc_column_inner][\/vc_row_inner][\/vc_column][\/vc_row][vc_row][vc_column offset=&#8220;vc_hidden-lg vc_hidden-md&#8220;][vc_empty_space height=&#8220;30px&#8220;][vc_cta h2=&#8220;Menu&#8220; txt_align=&#8220;center&#8220;]<div class=\"menu-certif-default menu-left-default\"><ul id=\"menu-sobre-render-german-1\" class=\"menu\"><li class=\"menu-item menu-item-type-post_type menu-item-object-page menu-item-208501\"><a href=\"https:\/\/render.tips\/de\/uber-render-tips\">\u00dcber Render.tips<\/a><\/li>\n<li class=\"menu-item menu-item-type-post_type menu-item-object-page menu-item-208502\"><a href=\"https:\/\/render.tips\/de\/uber-render-tips\/lehrmethode\">Lehrmethode<\/a><\/li>\n<li class=\"menu-item menu-item-type-post_type menu-item-object-page menu-item-208505\"><a href=\"https:\/\/render.tips\/de\/uber-render-tips\/sicherheit\">Seguran\u00e7a<\/a><\/li>\n<li class=\"menu-item menu-item-type-post_type menu-item-object-page menu-item-208503\"><a href=\"https:\/\/render.tips\/de\/uber-render-tips\/produkte\">Produkte<\/a><\/li>\n<\/ul><\/div>[\/vc_cta][\/vc_column][\/vc_row]<\/p>\n<\/div>","protected":false},"excerpt":{"rendered":"<p>[vc_row][vc_column][vc_separator][\/vc_column][vc_column width=&#8220;1\/4&#8243; offset=&#8220;vc_hidden-sm vc_hidden-xs&#8220;][vc_column_text][\/vc_column_text][vc_separator][vc_single_image image=&#8220;97404&#8243; img_size=&#8220;full&#8220;][\/vc_column][vc_column offset=&#8220;vc_col-lg-9 vc_col-md-9&#8243;][vc_row_inner][vc_column_inner][vc_single_image image=&#8220;133974&#8243; img_size=&#8220;large&#8220;][vc_column_text]1 &#8211; Eindeutige Identifikationsnummer Es ist eine eindeutige und nicht \u00fcbertragbare Nummer. Sie k\u00f6nnen es auf unserer Website einsehen, um die<\/p>\n","protected":false},"author":1,"featured_media":0,"parent":208269,"menu_order":0,"comment_status":"closed","ping_status":"closed","template":"","meta":[],"acf":[],"yoast_head":"<!-- This site is optimized with the Yoast SEO plugin v15.9 - https:\/\/yoast.com\/wordpress\/plugins\/seo\/ -->\n<title>Zertifikatsfunktionen | Online Courses from Basic to Advanced | RenderTips<\/title>\n<meta name=\"description\" content=\"O Certificado RENDER, Certificado de Aprova\u00e7\u00e3o, concedido a alunos e profissionais que realizaram o teste de certifica\u00e7\u00e3o e obtiveram m\u00e9dia m\u00ednima de aprova\u00e7\u00e3o\" \/>\n<meta name=\"robots\" content=\"index, follow, max-snippet:-1, max-image-preview:large, max-video-preview:-1\" \/>\n<link rel=\"canonical\" href=\"https:\/\/www.render.tips\/de\/zertifizierungen\/zertifikatsfunktionen\" \/>\n<meta property=\"og:locale\" content=\"de_DE\" \/>\n<meta property=\"og:type\" content=\"article\" \/>\n<meta property=\"og:title\" content=\"Zertifikatsfunktionen | Online Courses from Basic to Advanced | RenderTips\" \/>\n<meta property=\"og:description\" content=\"O Certificado RENDER, Certificado de Aprova\u00e7\u00e3o, concedido a alunos e profissionais que realizaram o teste de certifica\u00e7\u00e3o e obtiveram m\u00e9dia m\u00ednima de aprova\u00e7\u00e3o\" \/>\n<meta property=\"og:url\" content=\"https:\/\/www.render.tips\/de\/zertifizierungen\/zertifikatsfunktionen\" \/>\n<meta property=\"og:site_name\" content=\"Online Courses from Basic to Advanced | RenderTips\" \/>\n<meta property=\"article:publisher\" content=\"https:\/\/www.facebook.com\/rendertipscourses\/\" \/>\n<meta property=\"article:modified_time\" content=\"2019-11-15T03:01:11+00:00\" \/>\n<meta property=\"og:image\" content=\"https:\/\/static.render.tips\/wp-content\/uploads\/2019\/08\/logo_1024.png\" \/>\n\t<meta property=\"og:image:width\" content=\"1024\" \/>\n\t<meta property=\"og:image:height\" content=\"1024\" \/>\n<meta name=\"twitter:card\" content=\"summary_large_image\" \/>\n<meta name=\"twitter:site\" content=\"@rendertips\" \/>\n<meta name=\"twitter:label1\" content=\"Gesch\u00e4tzte Lesezeit\">\n\t<meta name=\"twitter:data1\" content=\"1 Minute\">\n<script type=\"application\/ld+json\" class=\"yoast-schema-graph\">{\"@context\":\"https:\/\/schema.org\",\"@graph\":[{\"@type\":\"Organization\",\"@id\":\"https:\/\/render.tips\/#organization\",\"name\":\"Render Tips\",\"url\":\"https:\/\/render.tips\/\",\"sameAs\":[\"https:\/\/www.facebook.com\/rendertipscourses\/\",\"https:\/\/www.instagram.com\/rendertips\/\",\"https:\/\/www.youtube.com\/channel\/UCx_9bcvh0_AQFGXxJ0StKSQ\",\"https:\/\/twitter.com\/rendertips\"],\"logo\":{\"@type\":\"ImageObject\",\"@id\":\"https:\/\/render.tips\/#logo\",\"inLanguage\":\"de-DE\",\"url\":\"https:\/\/static.render.tips\/wp-content\/uploads\/2019\/08\/logo_1024.png\",\"width\":1024,\"height\":1024,\"caption\":\"Render Tips\"},\"image\":{\"@id\":\"https:\/\/render.tips\/#logo\"}},{\"@type\":\"WebSite\",\"@id\":\"https:\/\/render.tips\/#website\",\"url\":\"https:\/\/render.tips\/\",\"name\":\"Online Courses from Basic to Advanced | RenderTips\",\"description\":\"Technology Online Courses - Solidworks, Autocad, Inventor, 3ds Max and More\",\"publisher\":{\"@id\":\"https:\/\/render.tips\/#organization\"},\"potentialAction\":[{\"@type\":\"SearchAction\",\"target\":\"https:\/\/render.tips\/?s={search_term_string}\",\"query-input\":\"required name=search_term_string\"}],\"inLanguage\":\"de-DE\"},{\"@type\":\"WebPage\",\"@id\":\"https:\/\/www.render.tips\/de\/zertifizierungen\/zertifikatsfunktionen#webpage\",\"url\":\"https:\/\/www.render.tips\/de\/zertifizierungen\/zertifikatsfunktionen\",\"name\":\"Zertifikatsfunktionen | Online Courses from Basic to Advanced | RenderTips\",\"isPartOf\":{\"@id\":\"https:\/\/render.tips\/#website\"},\"datePublished\":\"2017-01-09T04:05:25+00:00\",\"dateModified\":\"2019-11-15T03:01:11+00:00\",\"description\":\"O Certificado RENDER, Certificado de Aprova\\u00e7\\u00e3o, concedido a alunos e profissionais que realizaram o teste de certifica\\u00e7\\u00e3o e obtiveram m\\u00e9dia m\\u00ednima de aprova\\u00e7\\u00e3o\",\"breadcrumb\":{\"@id\":\"https:\/\/www.render.tips\/de\/zertifizierungen\/zertifikatsfunktionen#breadcrumb\"},\"inLanguage\":\"de-DE\",\"potentialAction\":[{\"@type\":\"ReadAction\",\"target\":[\"https:\/\/www.render.tips\/de\/zertifizierungen\/zertifikatsfunktionen\"]}]},{\"@type\":\"BreadcrumbList\",\"@id\":\"https:\/\/www.render.tips\/de\/zertifizierungen\/zertifikatsfunktionen#breadcrumb\",\"itemListElement\":[{\"@type\":\"ListItem\",\"position\":1,\"item\":{\"@type\":\"WebPage\",\"@id\":\"https:\/\/render.tips\/de\",\"url\":\"https:\/\/render.tips\/de\",\"name\":\"Home\"}},{\"@type\":\"ListItem\",\"position\":2,\"item\":{\"@type\":\"WebPage\",\"@id\":\"https:\/\/render.tips\/de\/zertifizierungen\",\"url\":\"https:\/\/render.tips\/de\/zertifizierungen\",\"name\":\"Zertifizierungen\"}},{\"@type\":\"ListItem\",\"position\":3,\"item\":{\"@type\":\"WebPage\",\"@id\":\"https:\/\/www.render.tips\/de\/zertifizierungen\/zertifikatsfunktionen\",\"url\":\"https:\/\/www.render.tips\/de\/zertifizierungen\/zertifikatsfunktionen\",\"name\":\"Zertifikatsfunktionen\"}}]}]}<\/script>\n<!-- \/ Yoast SEO plugin. -->","_links":{"self":[{"href":"https:\/\/render.tips\/de\/wp-json\/wp\/v2\/pages\/208281"}],"collection":[{"href":"https:\/\/render.tips\/de\/wp-json\/wp\/v2\/pages"}],"about":[{"href":"https:\/\/render.tips\/de\/wp-json\/wp\/v2\/types\/page"}],"author":[{"embeddable":true,"href":"https:\/\/render.tips\/de\/wp-json\/wp\/v2\/users\/1"}],"replies":[{"embeddable":true,"href":"https:\/\/render.tips\/de\/wp-json\/wp\/v2\/comments?post=208281"}],"version-history":[{"count":2,"href":"https:\/\/render.tips\/de\/wp-json\/wp\/v2\/pages\/208281\/revisions"}],"predecessor-version":[{"id":208774,"href":"https:\/\/render.tips\/de\/wp-json\/wp\/v2\/pages\/208281\/revisions\/208774"}],"up":[{"embeddable":true,"href":"https:\/\/render.tips\/de\/wp-json\/wp\/v2\/pages\/208269"}],"wp:attachment":[{"href":"https:\/\/render.tips\/de\/wp-json\/wp\/v2\/media?parent=208281"}],"curies":[{"name":"wp","href":"https:\/\/api.w.org\/{rel}","templated":true}]}}