{"id":208269,"date":"2016-06-30T01:49:08","date_gmt":"2016-06-30T04:49:08","guid":{"rendered":"https:\/\/render.tips\/certificacoes"},"modified":"2019-11-15T01:02:57","modified_gmt":"2019-11-15T03:02:57","slug":"zertifizierungen","status":"publish","type":"page","link":"https:\/\/render.tips\/de\/zertifizierungen","title":{"rendered":"Zertifizierungen"},"content":{"rendered":"<div class=\"wpb-content-wrapper\"><p>[vc_row][vc_column][vc_separator][\/vc_column][vc_column width=&#8220;1\/4&#8243; offset=&#8220;vc_hidden-sm vc_hidden-xs&#8220;][vc_column_text]<div class=\"menu-certif-default menu-left-default\"><ul id=\"menu-menu-certificacoes-german\" class=\"menu\"><li id=\"menu-item-208478\" class=\"menu-item menu-item-type-post_type menu-item-object-page menu-item-208478\"><a href=\"https:\/\/render.tips\/de\/zertifizierungen\">Sobre as Certifica\u00e7\u00f5es<\/a><\/li>\n<li id=\"menu-item-208479\" class=\"menu-item menu-item-type-post_type menu-item-object-page menu-item-208479\"><a href=\"https:\/\/render.tips\/de\/zertifizierungen\/zertifikatsfunktionen\">Zertifikatsfunktionen<\/a><\/li>\n<li id=\"menu-item-208481\" class=\"menu-item menu-item-type-post_type menu-item-object-page menu-item-208481\"><a href=\"https:\/\/render.tips\/de\/zertifizierungen\/neue-zertifizierung\">Ich missbilligte, was jetzt?<\/a><\/li>\n<li id=\"menu-item-208482\" class=\"menu-item menu-item-type-post_type menu-item-object-page menu-item-208482\"><a href=\"https:\/\/render.tips\/de\/zertifizierungen\/auschecken\">\u00dcberpr\u00fcfen Sie das Zertifikat<\/a><\/li>\n<\/ul><\/div>[\/vc_column_text][vc_separator][vc_single_image image=&#8220;97404&#8243; img_size=&#8220;full&#8220; alignment=&#8220;center&#8220;][\/vc_column][vc_column offset=&#8220;vc_col-lg-9 vc_col-md-9&#8243;][vc_column_text]Die Render.Tips Zertifizierung best\u00e4tigt das Lernen von Studenten und Fachleuten durch einen Online-Test des Inhalts jedes Render-Kurses. Wenn Sie 70% oder mehr der richtigen Antworten erhalten, steht Ihr Zulassungszertifikat in Ihrem Studentenbereich zum Download zur Verf\u00fcgung.[\/vc_column_text][vc_column_text el_class=&#8220;content_about_cert&#8220;]<\/p>\n<h2>Die Render.Tips-Zertifizierung erm\u00f6glicht:<\/h2>\n<ul>\n<li>Qualifizieren Sie Ihre Kenntnisse in verschiedenen Bereichen des Studiums;<\/li>\n<li>Erg\u00e4nzende Studienstunden in verschiedenen Bildungseinrichtungen anbieten;<\/li>\n<li>Seien Sie auf dem neuesten Stand in Ihrem Fachgebiet.<\/li>\n<\/ul>\n<p>&nbsp;<\/p>\n<h2>Was ist der Zertifizierungstest?<\/h2>\n<ul>\n<li>Es handelt sich um eine Online-Bewertung mit ausf\u00fchrlichen Fragen zu den im jeweiligen Kurs behandelten Themen.<\/li>\n<li>Wenn Sie versagen, werden am Ende des Tests die zu \u00fcberpr\u00fcfenden Probanden angezeigt, basierend auf den gemachten Fehlern. Render.Tips zeigen keine falschen Fragen an. Andernfalls kann der Student den Test zweimal kostenlos wiederholen. Dieser Test wird in 2 Stunden * ver\u00f6ffentlicht.<\/li>\n<li>Wenn Sie beide Versuche nicht bestehen, k\u00f6nnen Sie auf Wunsch einen neuen Kurs erwerben.<\/li>\n<\/ul>\n<p>&nbsp;<\/p>\n<h2>Wer kann den Zertifizierungstest ablegen?<\/h2>\n<p>Alle, die ihre Kenntnisse in diesem Bereich des Kurses testen \/ qualifizieren m\u00f6chten. Die Erfassung des Tests kann wie folgt erfolgen:<\/p>\n<ul>\n<li>Beim Kauf eines Kurses mit dem Stempel &#8222;Dieser Kurs verf\u00fcgt \u00fcber eine Render-Zertifizierung&#8220;<\/li>\n<\/ul>\n<p>[\/vc_column_text][\/vc_column][\/vc_row][vc_row][vc_column offset=&#8220;vc_hidden-lg vc_hidden-md&#8220;][vc_empty_space height=&#8220;30px&#8220;][vc_cta h2=&#8220;Menu&#8220; txt_align=&#8220;center&#8220;]<div class=\"menu-certif-default menu-left-default\"><ul id=\"menu-sobre-render-german\" class=\"menu\"><li id=\"menu-item-208501\" class=\"menu-item menu-item-type-post_type menu-item-object-page menu-item-208501\"><a href=\"https:\/\/render.tips\/de\/uber-render-tips\">\u00dcber Render.tips<\/a><\/li>\n<li id=\"menu-item-208502\" class=\"menu-item menu-item-type-post_type menu-item-object-page menu-item-208502\"><a href=\"https:\/\/render.tips\/de\/uber-render-tips\/lehrmethode\">Lehrmethode<\/a><\/li>\n<li id=\"menu-item-208505\" class=\"menu-item menu-item-type-post_type menu-item-object-page menu-item-208505\"><a href=\"https:\/\/render.tips\/de\/uber-render-tips\/sicherheit\">Seguran\u00e7a<\/a><\/li>\n<li id=\"menu-item-208503\" class=\"menu-item menu-item-type-post_type menu-item-object-page menu-item-208503\"><a href=\"https:\/\/render.tips\/de\/uber-render-tips\/produkte\">Produkte<\/a><\/li>\n<\/ul><\/div>[\/vc_cta][\/vc_column][\/vc_row]<\/p>\n<\/div>","protected":false},"excerpt":{"rendered":"<p>[vc_row][vc_column][vc_separator][\/vc_column][vc_column width=&#8220;1\/4&#8243; offset=&#8220;vc_hidden-sm vc_hidden-xs&#8220;][vc_column_text][\/vc_column_text][vc_separator][vc_single_image image=&#8220;97404&#8243; img_size=&#8220;full&#8220; alignment=&#8220;center&#8220;][\/vc_column][vc_column offset=&#8220;vc_col-lg-9 vc_col-md-9&#8243;][vc_column_text]Die Render.Tips Zertifizierung best\u00e4tigt das Lernen von Studenten und Fachleuten durch einen Online-Test des Inhalts jedes Render-Kurses. Wenn Sie 70% oder mehr<\/p>\n","protected":false},"author":1,"featured_media":0,"parent":0,"menu_order":0,"comment_status":"closed","ping_status":"closed","template":"","meta":[],"acf":[],"yoast_head":"<!-- This site is optimized with the Yoast SEO plugin v15.9 - https:\/\/yoast.com\/wordpress\/plugins\/seo\/ -->\n<title>Zertifizierungen | Online Courses from Basic to Advanced | RenderTips<\/title>\n<meta name=\"description\" content=\"A Certifica\u00e7\u00e3o RENDER valida o aprendizado dos alunos e profissionais do mercado atrav\u00e9s de um teste online referente ao conte\u00fado de cada Curso Render.\" \/>\n<meta name=\"robots\" content=\"index, follow, max-snippet:-1, max-image-preview:large, max-video-preview:-1\" \/>\n<link rel=\"canonical\" href=\"https:\/\/render.tips\/de\/zertifizierungen\" \/>\n<meta property=\"og:locale\" content=\"de_DE\" \/>\n<meta property=\"og:type\" content=\"article\" \/>\n<meta property=\"og:title\" content=\"Zertifizierungen | Online Courses from Basic to Advanced | RenderTips\" \/>\n<meta property=\"og:description\" content=\"A Certifica\u00e7\u00e3o RENDER valida o aprendizado dos alunos e profissionais do mercado atrav\u00e9s de um teste online referente ao conte\u00fado de cada Curso Render.\" \/>\n<meta property=\"og:url\" content=\"https:\/\/render.tips\/de\/zertifizierungen\" \/>\n<meta property=\"og:site_name\" content=\"Online Courses from Basic to Advanced | RenderTips\" \/>\n<meta property=\"article:publisher\" content=\"https:\/\/www.facebook.com\/rendertipscourses\/\" \/>\n<meta property=\"article:modified_time\" content=\"2019-11-15T03:02:57+00:00\" \/>\n<meta property=\"og:image\" content=\"https:\/\/static.render.tips\/wp-content\/uploads\/2019\/08\/logo_1024.png\" \/>\n\t<meta property=\"og:image:width\" content=\"1024\" \/>\n\t<meta property=\"og:image:height\" content=\"1024\" \/>\n<meta name=\"twitter:card\" content=\"summary_large_image\" \/>\n<meta name=\"twitter:site\" content=\"@rendertips\" \/>\n<meta name=\"twitter:label1\" content=\"Gesch\u00e4tzte Lesezeit\">\n\t<meta name=\"twitter:data1\" content=\"1 Minute\">\n<script type=\"application\/ld+json\" class=\"yoast-schema-graph\">{\"@context\":\"https:\/\/schema.org\",\"@graph\":[{\"@type\":\"Organization\",\"@id\":\"https:\/\/render.tips\/#organization\",\"name\":\"Render Tips\",\"url\":\"https:\/\/render.tips\/\",\"sameAs\":[\"https:\/\/www.facebook.com\/rendertipscourses\/\",\"https:\/\/www.instagram.com\/rendertips\/\",\"https:\/\/www.youtube.com\/channel\/UCx_9bcvh0_AQFGXxJ0StKSQ\",\"https:\/\/twitter.com\/rendertips\"],\"logo\":{\"@type\":\"ImageObject\",\"@id\":\"https:\/\/render.tips\/#logo\",\"inLanguage\":\"de-DE\",\"url\":\"https:\/\/static.render.tips\/wp-content\/uploads\/2019\/08\/logo_1024.png\",\"width\":1024,\"height\":1024,\"caption\":\"Render Tips\"},\"image\":{\"@id\":\"https:\/\/render.tips\/#logo\"}},{\"@type\":\"WebSite\",\"@id\":\"https:\/\/render.tips\/#website\",\"url\":\"https:\/\/render.tips\/\",\"name\":\"Online Courses from Basic to Advanced | RenderTips\",\"description\":\"Technology Online Courses - Solidworks, Autocad, Inventor, 3ds Max and More\",\"publisher\":{\"@id\":\"https:\/\/render.tips\/#organization\"},\"potentialAction\":[{\"@type\":\"SearchAction\",\"target\":\"https:\/\/render.tips\/?s={search_term_string}\",\"query-input\":\"required name=search_term_string\"}],\"inLanguage\":\"de-DE\"},{\"@type\":\"WebPage\",\"@id\":\"https:\/\/render.tips\/de\/zertifizierungen#webpage\",\"url\":\"https:\/\/render.tips\/de\/zertifizierungen\",\"name\":\"Zertifizierungen | Online Courses from Basic to Advanced | RenderTips\",\"isPartOf\":{\"@id\":\"https:\/\/render.tips\/#website\"},\"datePublished\":\"2016-06-30T04:49:08+00:00\",\"dateModified\":\"2019-11-15T03:02:57+00:00\",\"description\":\"A Certifica\\u00e7\\u00e3o RENDER valida o aprendizado dos alunos e profissionais do mercado atrav\\u00e9s de um teste online referente ao conte\\u00fado de cada Curso Render.\",\"breadcrumb\":{\"@id\":\"https:\/\/render.tips\/de\/zertifizierungen#breadcrumb\"},\"inLanguage\":\"de-DE\",\"potentialAction\":[{\"@type\":\"ReadAction\",\"target\":[\"https:\/\/render.tips\/de\/zertifizierungen\"]}]},{\"@type\":\"BreadcrumbList\",\"@id\":\"https:\/\/render.tips\/de\/zertifizierungen#breadcrumb\",\"itemListElement\":[{\"@type\":\"ListItem\",\"position\":1,\"item\":{\"@type\":\"WebPage\",\"@id\":\"https:\/\/render.tips\/de\",\"url\":\"https:\/\/render.tips\/de\",\"name\":\"Home\"}},{\"@type\":\"ListItem\",\"position\":2,\"item\":{\"@type\":\"WebPage\",\"@id\":\"https:\/\/render.tips\/de\/zertifizierungen\",\"url\":\"https:\/\/render.tips\/de\/zertifizierungen\",\"name\":\"Zertifizierungen\"}}]}]}<\/script>\n<!-- \/ Yoast SEO plugin. -->","_links":{"self":[{"href":"https:\/\/render.tips\/de\/wp-json\/wp\/v2\/pages\/208269"}],"collection":[{"href":"https:\/\/render.tips\/de\/wp-json\/wp\/v2\/pages"}],"about":[{"href":"https:\/\/render.tips\/de\/wp-json\/wp\/v2\/types\/page"}],"author":[{"embeddable":true,"href":"https:\/\/render.tips\/de\/wp-json\/wp\/v2\/users\/1"}],"replies":[{"embeddable":true,"href":"https:\/\/render.tips\/de\/wp-json\/wp\/v2\/comments?post=208269"}],"version-history":[{"count":4,"href":"https:\/\/render.tips\/de\/wp-json\/wp\/v2\/pages\/208269\/revisions"}],"predecessor-version":[{"id":208746,"href":"https:\/\/render.tips\/de\/wp-json\/wp\/v2\/pages\/208269\/revisions\/208746"}],"wp:attachment":[{"href":"https:\/\/render.tips\/de\/wp-json\/wp\/v2\/media?parent=208269"}],"curies":[{"name":"wp","href":"https:\/\/api.w.org\/{rel}","templated":true}]}}