{"id":208261,"date":"2017-02-07T12:56:35","date_gmt":"2017-02-07T14:56:35","guid":{"rendered":"https:\/\/render.tips\/sobre-a-render\/seguranca"},"modified":"2019-08-14T09:42:02","modified_gmt":"2019-08-14T12:42:02","slug":"sicherheit","status":"publish","type":"page","link":"https:\/\/render.tips\/de\/uber-render-tips\/sicherheit","title":{"rendered":"Seguran\u00e7a"},"content":{"rendered":"<div class=\"wpb-content-wrapper\"><p>[vc_row][vc_column][vc_separator][\/vc_column][\/vc_row][vc_row][vc_column width=&#8220;1\/4&#8243; offset=&#8220;vc_hidden-sm vc_hidden-xs&#8220;][vc_column_text]<div class=\"menu-sobre-default menu-left-default\"><ul id=\"menu-sobre-render-german\" class=\"menu\"><li id=\"menu-item-208501\" class=\"menu-item menu-item-type-post_type menu-item-object-page menu-item-208501\"><a href=\"https:\/\/render.tips\/de\/uber-render-tips\">\u00dcber Render.tips<\/a><\/li>\n<li id=\"menu-item-208502\" class=\"menu-item menu-item-type-post_type menu-item-object-page menu-item-208502\"><a href=\"https:\/\/render.tips\/de\/uber-render-tips\/lehrmethode\">Lehrmethode<\/a><\/li>\n<li id=\"menu-item-208505\" class=\"menu-item menu-item-type-post_type menu-item-object-page menu-item-208505\"><a href=\"https:\/\/render.tips\/de\/uber-render-tips\/sicherheit\">Seguran\u00e7a<\/a><\/li>\n<li id=\"menu-item-208503\" class=\"menu-item menu-item-type-post_type menu-item-object-page menu-item-208503\"><a href=\"https:\/\/render.tips\/de\/uber-render-tips\/produkte\">Produkte<\/a><\/li>\n<\/ul><\/div>[\/vc_column_text][\/vc_column][vc_column offset=&#8220;vc_col-lg-9 vc_col-md-9&#8243;][vc_column_text]<\/p>\n<h3>Komfort und Sicherheit beim Einkaufen<\/h3>\n<p>Render ist seit \u00fcber 20 Jahren auf dem Markt und vermarktet seine Kurse \u00fcber E-Commerce. Wir arbeiten mit den fortschrittlichsten Datenschutztechnologien, um Ihre Eink\u00e4ufe reibungslos abzuwickeln.[\/vc_column_text][vc_column_text]<\/p>\n<h3 class=\"F_perspective_sans quem_blue_title line_100\">Technologies<\/h3>\n<div class=\"division_H_20\">\n<p>Um Ihre vollst\u00e4ndige Sicherheit zu gew\u00e4hrleisten, lautet die Adresse der Render-Website https: \/\/ (AES 128\/256 Bit High-Level-Verschl\u00fcsselung). Au\u00dferdem sehen Sie rechts unten auf Ihrer Website das Symbol &#8222;Geschlossenes Schloss&#8220; Browser. Alle Informationen, die mit Website-Adressen ausgetauscht werden, die mit https: \/\/ beginnen, werden vor der \u00dcbertragung mit SSL verschl\u00fcsselt. <a href=\"http:\/\/comodobr.com\/ssl_o_que_e.php\">Verstehe, was SSL ist<\/a><\/p>\n<p>Dies ist Ihre Garantie, dass Daten nicht von Dritten eingesehen oder manipuliert werden k\u00f6nnen.<\/p>\n<\/div>\n<p>[\/vc_column_text][vc_column_text]<\/p>\n<h3 class=\"F_perspective_sans quem_blue_title line_100\">Warum ist der Kauf bei Render sicher?<\/h3>\n<div class=\"quem_title_txt line_100\">\n<ul>\n<li>Seit \u00fcber 20 Jahren auf dem Markt;<\/li>\n<li>Symbole, die die Sicherheit w\u00e4hrend des Kaufvorgangs best\u00e4tigen;<\/li>\n<li>Verschl\u00fcsselung auf hoher Ebene (AES 128\/256 Bits);<\/li>\n<li>Https: \/\/ Protokoll auch w\u00e4hrend des Kaufvorgangs;<\/li>\n<li>Kreditkartendaten, die direkt an Bankserver und Kreditkartenunternehmen gesendet werden;<\/li>\n<li>Wir speichern Ihre Zahlungsinformationen nicht.<br \/>\nIhre Registrierungsdaten werden vertraulich behandelt und nur f\u00fcr Eink\u00e4ufe und Rechnungserstellung verwendet. Sie werden nicht an Dritte weitergegeben;<\/li>\n<li>Alle Informationen, die Render per E-Mail sendet, werden nur mit Ihrer Erlaubnis zum Zeitpunkt der Registrierung gemacht;<\/li>\n<\/ul>\n<\/div>\n<p>[\/vc_column_text][\/vc_column][\/vc_row][vc_row][vc_column offset=&#8220;vc_hidden-lg vc_hidden-md&#8220;][vc_empty_space height=&#8220;30px&#8220;][vc_cta h2=&#8220;Menu&#8220; txt_align=&#8220;center&#8220;]<div class=\"menu-sobre-default menu-left-default\"><ul id=\"menu-sobre-render-german-1\" class=\"menu\"><li class=\"menu-item menu-item-type-post_type menu-item-object-page menu-item-208501\"><a href=\"https:\/\/render.tips\/de\/uber-render-tips\">\u00dcber Render.tips<\/a><\/li>\n<li class=\"menu-item menu-item-type-post_type menu-item-object-page menu-item-208502\"><a href=\"https:\/\/render.tips\/de\/uber-render-tips\/lehrmethode\">Lehrmethode<\/a><\/li>\n<li class=\"menu-item menu-item-type-post_type menu-item-object-page menu-item-208505\"><a href=\"https:\/\/render.tips\/de\/uber-render-tips\/sicherheit\">Seguran\u00e7a<\/a><\/li>\n<li class=\"menu-item menu-item-type-post_type menu-item-object-page menu-item-208503\"><a href=\"https:\/\/render.tips\/de\/uber-render-tips\/produkte\">Produkte<\/a><\/li>\n<\/ul><\/div>[\/vc_cta][\/vc_column][\/vc_row]<\/p>\n<\/div>","protected":false},"excerpt":{"rendered":"<p>[vc_row][vc_column][vc_separator][\/vc_column][\/vc_row][vc_row][vc_column width=&#8220;1\/4&#8243; offset=&#8220;vc_hidden-sm vc_hidden-xs&#8220;][vc_column_text][\/vc_column_text][\/vc_column][vc_column offset=&#8220;vc_col-lg-9 vc_col-md-9&#8243;][vc_column_text] Komfort und Sicherheit beim Einkaufen Render ist seit \u00fcber 20 Jahren auf dem Markt und vermarktet seine Kurse \u00fcber E-Commerce. Wir arbeiten mit den<\/p>\n","protected":false},"author":1,"featured_media":0,"parent":208245,"menu_order":0,"comment_status":"closed","ping_status":"closed","template":"","meta":[],"acf":[],"yoast_head":"<!-- This site is optimized with the Yoast SEO plugin v15.9 - https:\/\/yoast.com\/wordpress\/plugins\/seo\/ -->\n<title>Seguran\u00e7a | Online Courses from Basic to Advanced | RenderTips<\/title>\n<meta name=\"robots\" content=\"index, follow, max-snippet:-1, max-image-preview:large, max-video-preview:-1\" \/>\n<link rel=\"canonical\" href=\"https:\/\/render.tips\/de\/uber-render-tips\/sicherheit\" \/>\n<meta property=\"og:locale\" content=\"de_DE\" \/>\n<meta property=\"og:type\" content=\"article\" \/>\n<meta property=\"og:title\" content=\"Seguran\u00e7a | Online Courses from Basic to Advanced | RenderTips\" \/>\n<meta property=\"og:description\" content=\"[vc_row][vc_column][vc_separator][\/vc_column][\/vc_row][vc_row][vc_column width=&#8220;1\/4&#8243; offset=&#8220;vc_hidden-sm vc_hidden-xs&#8220;][vc_column_text][\/vc_column_text][\/vc_column][vc_column offset=&#8220;vc_col-lg-9 vc_col-md-9&#8243;][vc_column_text] Komfort und Sicherheit beim Einkaufen Render ist seit \u00fcber 20 Jahren auf dem Markt und vermarktet seine Kurse \u00fcber E-Commerce. Wir arbeiten mit den\" \/>\n<meta property=\"og:url\" content=\"https:\/\/render.tips\/de\/uber-render-tips\/sicherheit\" \/>\n<meta property=\"og:site_name\" content=\"Online Courses from Basic to Advanced | RenderTips\" \/>\n<meta property=\"article:publisher\" content=\"https:\/\/www.facebook.com\/rendertipscourses\/\" \/>\n<meta property=\"article:modified_time\" content=\"2019-08-14T12:42:02+00:00\" \/>\n<meta property=\"og:image\" content=\"https:\/\/static.render.tips\/wp-content\/uploads\/2019\/08\/logo_1024.png\" \/>\n\t<meta property=\"og:image:width\" content=\"1024\" \/>\n\t<meta property=\"og:image:height\" content=\"1024\" \/>\n<meta name=\"twitter:card\" content=\"summary_large_image\" \/>\n<meta name=\"twitter:site\" content=\"@rendertips\" \/>\n<meta name=\"twitter:label1\" content=\"Gesch\u00e4tzte Lesezeit\">\n\t<meta name=\"twitter:data1\" content=\"1 Minute\">\n<script type=\"application\/ld+json\" class=\"yoast-schema-graph\">{\"@context\":\"https:\/\/schema.org\",\"@graph\":[{\"@type\":\"Organization\",\"@id\":\"https:\/\/render.tips\/#organization\",\"name\":\"Render Tips\",\"url\":\"https:\/\/render.tips\/\",\"sameAs\":[\"https:\/\/www.facebook.com\/rendertipscourses\/\",\"https:\/\/www.instagram.com\/rendertips\/\",\"https:\/\/www.youtube.com\/channel\/UCx_9bcvh0_AQFGXxJ0StKSQ\",\"https:\/\/twitter.com\/rendertips\"],\"logo\":{\"@type\":\"ImageObject\",\"@id\":\"https:\/\/render.tips\/#logo\",\"inLanguage\":\"de-DE\",\"url\":\"https:\/\/static.render.tips\/wp-content\/uploads\/2019\/08\/logo_1024.png\",\"width\":1024,\"height\":1024,\"caption\":\"Render Tips\"},\"image\":{\"@id\":\"https:\/\/render.tips\/#logo\"}},{\"@type\":\"WebSite\",\"@id\":\"https:\/\/render.tips\/#website\",\"url\":\"https:\/\/render.tips\/\",\"name\":\"Online Courses from Basic to Advanced | RenderTips\",\"description\":\"Technology Online Courses - Solidworks, Autocad, Inventor, 3ds Max and More\",\"publisher\":{\"@id\":\"https:\/\/render.tips\/#organization\"},\"potentialAction\":[{\"@type\":\"SearchAction\",\"target\":\"https:\/\/render.tips\/?s={search_term_string}\",\"query-input\":\"required name=search_term_string\"}],\"inLanguage\":\"de-DE\"},{\"@type\":\"WebPage\",\"@id\":\"https:\/\/render.tips\/de\/uber-render-tips\/sicherheit#webpage\",\"url\":\"https:\/\/render.tips\/de\/uber-render-tips\/sicherheit\",\"name\":\"Seguran\\u00e7a | Online Courses from Basic to Advanced | RenderTips\",\"isPartOf\":{\"@id\":\"https:\/\/render.tips\/#website\"},\"datePublished\":\"2017-02-07T14:56:35+00:00\",\"dateModified\":\"2019-08-14T12:42:02+00:00\",\"breadcrumb\":{\"@id\":\"https:\/\/render.tips\/de\/uber-render-tips\/sicherheit#breadcrumb\"},\"inLanguage\":\"de-DE\",\"potentialAction\":[{\"@type\":\"ReadAction\",\"target\":[\"https:\/\/render.tips\/de\/uber-render-tips\/sicherheit\"]}]},{\"@type\":\"BreadcrumbList\",\"@id\":\"https:\/\/render.tips\/de\/uber-render-tips\/sicherheit#breadcrumb\",\"itemListElement\":[{\"@type\":\"ListItem\",\"position\":1,\"item\":{\"@type\":\"WebPage\",\"@id\":\"https:\/\/render.tips\/de\",\"url\":\"https:\/\/render.tips\/de\",\"name\":\"Home\"}},{\"@type\":\"ListItem\",\"position\":2,\"item\":{\"@type\":\"WebPage\",\"@id\":\"https:\/\/render.tips\/de\/uber-render-tips\",\"url\":\"https:\/\/render.tips\/de\/uber-render-tips\",\"name\":\"\\u00dcber Render.tips\"}},{\"@type\":\"ListItem\",\"position\":3,\"item\":{\"@type\":\"WebPage\",\"@id\":\"https:\/\/render.tips\/de\/uber-render-tips\/sicherheit\",\"url\":\"https:\/\/render.tips\/de\/uber-render-tips\/sicherheit\",\"name\":\"Seguran\\u00e7a\"}}]}]}<\/script>\n<!-- \/ Yoast SEO plugin. -->","_links":{"self":[{"href":"https:\/\/render.tips\/de\/wp-json\/wp\/v2\/pages\/208261"}],"collection":[{"href":"https:\/\/render.tips\/de\/wp-json\/wp\/v2\/pages"}],"about":[{"href":"https:\/\/render.tips\/de\/wp-json\/wp\/v2\/types\/page"}],"author":[{"embeddable":true,"href":"https:\/\/render.tips\/de\/wp-json\/wp\/v2\/users\/1"}],"replies":[{"embeddable":true,"href":"https:\/\/render.tips\/de\/wp-json\/wp\/v2\/comments?post=208261"}],"version-history":[{"count":2,"href":"https:\/\/render.tips\/de\/wp-json\/wp\/v2\/pages\/208261\/revisions"}],"predecessor-version":[{"id":208719,"href":"https:\/\/render.tips\/de\/wp-json\/wp\/v2\/pages\/208261\/revisions\/208719"}],"up":[{"embeddable":true,"href":"https:\/\/render.tips\/de\/wp-json\/wp\/v2\/pages\/208245"}],"wp:attachment":[{"href":"https:\/\/render.tips\/de\/wp-json\/wp\/v2\/media?parent=208261"}],"curies":[{"name":"wp","href":"https:\/\/api.w.org\/{rel}","templated":true}]}}