{"id":208249,"date":"2017-02-02T13:04:08","date_gmt":"2017-02-02T15:04:08","guid":{"rendered":"https:\/\/render.tips\/sobre-a-render\/metodologia-de-ensino"},"modified":"2019-08-14T11:29:56","modified_gmt":"2019-08-14T14:29:56","slug":"lehrmethode","status":"publish","type":"page","link":"https:\/\/render.tips\/de\/uber-render-tips\/lehrmethode","title":{"rendered":"Lehrmethode"},"content":{"rendered":"<div class=\"wpb-content-wrapper\"><p>[vc_row][vc_column][vc_separator][\/vc_column][\/vc_row][vc_row][vc_column width=&#8220;1\/4&#8243; offset=&#8220;vc_hidden-sm vc_hidden-xs&#8220;][vc_column_text]<div class=\"menu-sobre-default menu-left-default\"><ul id=\"menu-sobre-render-german\" class=\"menu\"><li id=\"menu-item-208501\" class=\"menu-item menu-item-type-post_type menu-item-object-page menu-item-208501\"><a href=\"https:\/\/render.tips\/de\/uber-render-tips\">\u00dcber Render.tips<\/a><\/li>\n<li id=\"menu-item-208502\" class=\"menu-item menu-item-type-post_type menu-item-object-page menu-item-208502\"><a href=\"https:\/\/render.tips\/de\/uber-render-tips\/lehrmethode\">Lehrmethode<\/a><\/li>\n<li id=\"menu-item-208505\" class=\"menu-item menu-item-type-post_type menu-item-object-page menu-item-208505\"><a href=\"https:\/\/render.tips\/de\/uber-render-tips\/sicherheit\">Seguran\u00e7a<\/a><\/li>\n<li id=\"menu-item-208503\" class=\"menu-item menu-item-type-post_type menu-item-object-page menu-item-208503\"><a href=\"https:\/\/render.tips\/de\/uber-render-tips\/produkte\">Produkte<\/a><\/li>\n<\/ul><\/div>[\/vc_column_text][\/vc_column][vc_column offset=&#8220;vc_col-lg-9 vc_col-md-9&#8243;][vc_column_text]<\/p>\n<div class=\"quem_title_txt line_100\">Mit \u00fcber 20 Jahren Erfahrung in der Erstellung von Online-Kursen hat Render.Tips die Konzepte von Render Cursos Ltda in sein Unterrichtsformat aufgenommen, um eine immer angenehmere Lernerfahrung mit allen Vorteilen des Fernunterrichts zu bieten.<br \/>\nUnsere Kurse erleichtern das Lernen mit:<\/div>\n<div class=\"quem_title_txt line_100\">\n<ul>\n<li>Konzept-Pr\u00e4sentationen;<\/li>\n<li>Aktivit\u00e4ten zum \u00dcben und Tun;<\/li>\n<li>Anbindung an reale Arbeitsumgebungsf\u00e4lle.<\/li>\n<\/ul>\n<\/div>\n<p>[\/vc_column_text][vc_column_text]<\/p>\n<h3 class=\"quem_title_txt line_100\">Konzept-Pr\u00e4sentationen<\/h3>\n<div class=\"quem_title_txt line_100\">In einem Render.Tips-Kurs lernt der Sch\u00fcler, indem er zuschaut! Es handelt sich um erz\u00e4hlte, objektive und praktische Videolektionen, die durch unterst\u00fctzende Texte, Bilder, Tipps und Anschlussfragen erg\u00e4nzt werden.<br \/>\nIn jeder Klasse erkennt der Sch\u00fcler, wie einfach es ist, sich die theoretischen Konzepte anzuschauen, und optimiert sein Lernen mit zus\u00e4tzlichen Ressourcen, die die Produktivit\u00e4t des Alltags steigern.<\/div>\n<p>[\/vc_column_text][vc_column_text]<\/p>\n<h3 class=\"quem_title_txt line_100\">\u00dcbe &amp; mache Aktivit\u00e4ten<\/h3>\n<div class=\"quem_title_txt line_100\">Das erlernte Wissen wird durch schrittweise \u00dcbungen in die Praxis umgesetzt, die zu Hause mit der gew\u00fcnschten Geschwindigkeit durchgef\u00fchrt werden k\u00f6nnen. Der Sch\u00fcler kann jederzeit die Konzepte anh\u00f6ren und erneut ansehen, die die meiste Aufmerksamkeit erfordern. F\u00fcr jede \u00dcbung stehen die zu \u00fcbenden Dateien zur Verf\u00fcgung &#8211; sofern zutreffend. Render empfiehlt seinen Sch\u00fclern die vorherige Installation der Originalsoftware in \u00dcbereinstimmung mit dem erworbenen Kurs.<\/div>\n<p>[\/vc_column_text][vc_column_text]<\/p>\n<h3 class=\"quem_title_txt line_100\">Anschlie\u00dfen an reale Arbeitsumgebungsf\u00e4lle<\/h3>\n<div class=\"quem_title_txt line_100\">Die Studenten von Render.Tips sind st\u00e4ndig in Kontakt mit Branchen- oder Arbeitsumgebungssituationen, was das Lernen erleichtert und beschleunigt. Beispiele und theoretische Konzepte werden im Kontext der praktischen Anwendung vorgestellt, sodass unsere Studenten Erfahrungen sammeln k\u00f6nnen, die Teil ihres t\u00e4glichen Lebens sind.<\/div>\n<p>[\/vc_column_text][vc_column_text]<\/p>\n<h5 class=\"quem_title_txt line_100\">Render.Tips verbessert und verbessert Kurse mit Hilfe unserer Benutzer st\u00e4ndig. Bitte kontaktieren Sie uns, wenn Sie mit Ideen oder Vorschl\u00e4gen teilnehmen m\u00f6chten. Wir sind in einem st\u00e4ndigen Lernprozess!<\/h5>\n<p>[\/vc_column_text][\/vc_column][\/vc_row][vc_row][vc_column offset=&#8220;vc_hidden-lg vc_hidden-md&#8220;][vc_empty_space height=&#8220;30px&#8220;][vc_cta h2=&#8220;Menu&#8220; txt_align=&#8220;center&#8220;]<div class=\"menu-sobre-default menu-left-default\"><ul id=\"menu-sobre-render-german-1\" class=\"menu\"><li class=\"menu-item menu-item-type-post_type menu-item-object-page menu-item-208501\"><a href=\"https:\/\/render.tips\/de\/uber-render-tips\">\u00dcber Render.tips<\/a><\/li>\n<li class=\"menu-item menu-item-type-post_type menu-item-object-page menu-item-208502\"><a href=\"https:\/\/render.tips\/de\/uber-render-tips\/lehrmethode\">Lehrmethode<\/a><\/li>\n<li class=\"menu-item menu-item-type-post_type menu-item-object-page menu-item-208505\"><a href=\"https:\/\/render.tips\/de\/uber-render-tips\/sicherheit\">Seguran\u00e7a<\/a><\/li>\n<li class=\"menu-item menu-item-type-post_type menu-item-object-page menu-item-208503\"><a href=\"https:\/\/render.tips\/de\/uber-render-tips\/produkte\">Produkte<\/a><\/li>\n<\/ul><\/div>[\/vc_cta][\/vc_column][\/vc_row]<\/p>\n<\/div>","protected":false},"excerpt":{"rendered":"<p>[vc_row][vc_column][vc_separator][\/vc_column][\/vc_row][vc_row][vc_column width=&#8220;1\/4&#8243; offset=&#8220;vc_hidden-sm vc_hidden-xs&#8220;][vc_column_text][\/vc_column_text][\/vc_column][vc_column offset=&#8220;vc_col-lg-9 vc_col-md-9&#8243;][vc_column_text] Mit \u00fcber 20 Jahren Erfahrung in der Erstellung von Online-Kursen hat Render.Tips die Konzepte von Render Cursos Ltda in sein Unterrichtsformat aufgenommen, um eine<\/p>\n","protected":false},"author":1,"featured_media":0,"parent":208245,"menu_order":0,"comment_status":"closed","ping_status":"closed","template":"","meta":[],"acf":[],"yoast_head":"<!-- This site is optimized with the Yoast SEO plugin v15.9 - https:\/\/yoast.com\/wordpress\/plugins\/seo\/ -->\n<title>Lehrmethode | Online Courses from Basic to Advanced | RenderTips<\/title>\n<meta name=\"robots\" content=\"index, follow, max-snippet:-1, max-image-preview:large, max-video-preview:-1\" \/>\n<link rel=\"canonical\" href=\"https:\/\/render.tips\/de\/uber-render-tips\/lehrmethode\" \/>\n<meta property=\"og:locale\" content=\"de_DE\" \/>\n<meta property=\"og:type\" content=\"article\" \/>\n<meta property=\"og:title\" content=\"Lehrmethode | Online Courses from Basic to Advanced | RenderTips\" \/>\n<meta property=\"og:description\" content=\"[vc_row][vc_column][vc_separator][\/vc_column][\/vc_row][vc_row][vc_column width=&#8220;1\/4&#8243; offset=&#8220;vc_hidden-sm vc_hidden-xs&#8220;][vc_column_text][\/vc_column_text][\/vc_column][vc_column offset=&#8220;vc_col-lg-9 vc_col-md-9&#8243;][vc_column_text] Mit \u00fcber 20 Jahren Erfahrung in der Erstellung von Online-Kursen hat Render.Tips die Konzepte von Render Cursos Ltda in sein Unterrichtsformat aufgenommen, um eine\" \/>\n<meta property=\"og:url\" content=\"https:\/\/render.tips\/de\/uber-render-tips\/lehrmethode\" \/>\n<meta property=\"og:site_name\" content=\"Online Courses from Basic to Advanced | RenderTips\" \/>\n<meta property=\"article:publisher\" content=\"https:\/\/www.facebook.com\/rendertipscourses\/\" \/>\n<meta property=\"article:modified_time\" content=\"2019-08-14T14:29:56+00:00\" \/>\n<meta property=\"og:image\" content=\"https:\/\/static.render.tips\/wp-content\/uploads\/2019\/08\/logo_1024.png\" \/>\n\t<meta property=\"og:image:width\" content=\"1024\" \/>\n\t<meta property=\"og:image:height\" content=\"1024\" \/>\n<meta name=\"twitter:card\" content=\"summary_large_image\" \/>\n<meta name=\"twitter:site\" content=\"@rendertips\" \/>\n<meta name=\"twitter:label1\" content=\"Gesch\u00e4tzte Lesezeit\">\n\t<meta name=\"twitter:data1\" content=\"2 Minuten\">\n<script type=\"application\/ld+json\" class=\"yoast-schema-graph\">{\"@context\":\"https:\/\/schema.org\",\"@graph\":[{\"@type\":\"Organization\",\"@id\":\"https:\/\/render.tips\/#organization\",\"name\":\"Render Tips\",\"url\":\"https:\/\/render.tips\/\",\"sameAs\":[\"https:\/\/www.facebook.com\/rendertipscourses\/\",\"https:\/\/www.instagram.com\/rendertips\/\",\"https:\/\/www.youtube.com\/channel\/UCx_9bcvh0_AQFGXxJ0StKSQ\",\"https:\/\/twitter.com\/rendertips\"],\"logo\":{\"@type\":\"ImageObject\",\"@id\":\"https:\/\/render.tips\/#logo\",\"inLanguage\":\"de-DE\",\"url\":\"https:\/\/static.render.tips\/wp-content\/uploads\/2019\/08\/logo_1024.png\",\"width\":1024,\"height\":1024,\"caption\":\"Render Tips\"},\"image\":{\"@id\":\"https:\/\/render.tips\/#logo\"}},{\"@type\":\"WebSite\",\"@id\":\"https:\/\/render.tips\/#website\",\"url\":\"https:\/\/render.tips\/\",\"name\":\"Online Courses from Basic to Advanced | RenderTips\",\"description\":\"Technology Online Courses - Solidworks, Autocad, Inventor, 3ds Max and More\",\"publisher\":{\"@id\":\"https:\/\/render.tips\/#organization\"},\"potentialAction\":[{\"@type\":\"SearchAction\",\"target\":\"https:\/\/render.tips\/?s={search_term_string}\",\"query-input\":\"required name=search_term_string\"}],\"inLanguage\":\"de-DE\"},{\"@type\":\"WebPage\",\"@id\":\"https:\/\/render.tips\/de\/uber-render-tips\/lehrmethode#webpage\",\"url\":\"https:\/\/render.tips\/de\/uber-render-tips\/lehrmethode\",\"name\":\"Lehrmethode | Online Courses from Basic to Advanced | RenderTips\",\"isPartOf\":{\"@id\":\"https:\/\/render.tips\/#website\"},\"datePublished\":\"2017-02-02T15:04:08+00:00\",\"dateModified\":\"2019-08-14T14:29:56+00:00\",\"breadcrumb\":{\"@id\":\"https:\/\/render.tips\/de\/uber-render-tips\/lehrmethode#breadcrumb\"},\"inLanguage\":\"de-DE\",\"potentialAction\":[{\"@type\":\"ReadAction\",\"target\":[\"https:\/\/render.tips\/de\/uber-render-tips\/lehrmethode\"]}]},{\"@type\":\"BreadcrumbList\",\"@id\":\"https:\/\/render.tips\/de\/uber-render-tips\/lehrmethode#breadcrumb\",\"itemListElement\":[{\"@type\":\"ListItem\",\"position\":1,\"item\":{\"@type\":\"WebPage\",\"@id\":\"https:\/\/render.tips\/de\",\"url\":\"https:\/\/render.tips\/de\",\"name\":\"Home\"}},{\"@type\":\"ListItem\",\"position\":2,\"item\":{\"@type\":\"WebPage\",\"@id\":\"https:\/\/render.tips\/de\/uber-render-tips\",\"url\":\"https:\/\/render.tips\/de\/uber-render-tips\",\"name\":\"\\u00dcber Render.tips\"}},{\"@type\":\"ListItem\",\"position\":3,\"item\":{\"@type\":\"WebPage\",\"@id\":\"https:\/\/render.tips\/de\/uber-render-tips\/lehrmethode\",\"url\":\"https:\/\/render.tips\/de\/uber-render-tips\/lehrmethode\",\"name\":\"Lehrmethode\"}}]}]}<\/script>\n<!-- \/ Yoast SEO plugin. -->","_links":{"self":[{"href":"https:\/\/render.tips\/de\/wp-json\/wp\/v2\/pages\/208249"}],"collection":[{"href":"https:\/\/render.tips\/de\/wp-json\/wp\/v2\/pages"}],"about":[{"href":"https:\/\/render.tips\/de\/wp-json\/wp\/v2\/types\/page"}],"author":[{"embeddable":true,"href":"https:\/\/render.tips\/de\/wp-json\/wp\/v2\/users\/1"}],"replies":[{"embeddable":true,"href":"https:\/\/render.tips\/de\/wp-json\/wp\/v2\/comments?post=208249"}],"version-history":[{"count":2,"href":"https:\/\/render.tips\/de\/wp-json\/wp\/v2\/pages\/208249\/revisions"}],"predecessor-version":[{"id":208736,"href":"https:\/\/render.tips\/de\/wp-json\/wp\/v2\/pages\/208249\/revisions\/208736"}],"up":[{"embeddable":true,"href":"https:\/\/render.tips\/de\/wp-json\/wp\/v2\/pages\/208245"}],"wp:attachment":[{"href":"https:\/\/render.tips\/de\/wp-json\/wp\/v2\/media?parent=208249"}],"curies":[{"name":"wp","href":"https:\/\/api.w.org\/{rel}","templated":true}]}}