{"id":208245,"date":"2016-06-30T01:15:08","date_gmt":"2016-06-30T04:15:08","guid":{"rendered":"https:\/\/render.tips\/sobre-a-render"},"modified":"2019-11-15T00:56:41","modified_gmt":"2019-11-15T02:56:41","slug":"uber-render-tips","status":"publish","type":"page","link":"https:\/\/render.tips\/de\/uber-render-tips","title":{"rendered":"\u00dcber Render.tips"},"content":{"rendered":"<div class=\"wpb-content-wrapper\"><p>[vc_row][vc_column][vc_separator][\/vc_column][\/vc_row][vc_row][vc_column width=&#8220;1\/4&#8243; offset=&#8220;vc_hidden-sm vc_hidden-xs&#8220;][vc_column_text]<div class=\"menu-sobre-default menu-left-default\"><ul id=\"menu-sobre-render-german\" class=\"menu\"><li id=\"menu-item-208501\" class=\"menu-item menu-item-type-post_type menu-item-object-page menu-item-208501\"><a href=\"https:\/\/render.tips\/de\/uber-render-tips\">\u00dcber Render.tips<\/a><\/li>\n<li id=\"menu-item-208502\" class=\"menu-item menu-item-type-post_type menu-item-object-page menu-item-208502\"><a href=\"https:\/\/render.tips\/de\/uber-render-tips\/lehrmethode\">Lehrmethode<\/a><\/li>\n<li id=\"menu-item-208505\" class=\"menu-item menu-item-type-post_type menu-item-object-page menu-item-208505\"><a href=\"https:\/\/render.tips\/de\/uber-render-tips\/sicherheit\">Seguran\u00e7a<\/a><\/li>\n<li id=\"menu-item-208503\" class=\"menu-item menu-item-type-post_type menu-item-object-page menu-item-208503\"><a href=\"https:\/\/render.tips\/de\/uber-render-tips\/produkte\">Produkte<\/a><\/li>\n<\/ul><\/div>[\/vc_column_text][\/vc_column][vc_column offset=&#8220;vc_col-lg-9 vc_col-md-9&#8243;][vc_column_text]<\/p>\n<h3 class=\"quem_title_txt line_100\">Render.Tips:<\/h3>\n<div class=\"quem_title_txt line_100\">Render.Tips teilt Informationen, Lehrinhalte und erweitert den technischen und intellektuellen Horizont von Fachleuten auf allen Bildungsebenen.<br \/>\nMit einer auf Videolektionen basierenden Methodik f\u00fcr das Fernstudium und einer eigenen Plattform f\u00fcr die Bereitstellung von Inhalten feiert Render.Tips die Anerkennung seines Bildungssystems durch seine Sch\u00fcler.<br \/>\nRender.Tips wurde mit dem Ziel ins Leben gerufen, Menschen verschiedener sozialer Schichten das einfache Lernen mit Software zu sehr niedrigen Kosten zu erm\u00f6glichen. Wir sind ein Unternehmen der Render Cursos Ltda Gruppe mit Sitz in Brasilien.<\/div>\n<p>[\/vc_column_text][vc_column_text]<\/p>\n<h3 class=\"quem_title_txt line_100\">Mission:<\/h3>\n<div class=\"quem_title_txt line_100\">F\u00f6rderung von Fernlehrg\u00e4ngen von technischer Qualit\u00e4t, didaktischen und anerkannten Inhalten, die den Zugang zu technischem Wissen und beruflicher Entwicklung erm\u00f6glichen, indem sie auf einer Online-Plattform ausgebildet werden.<\/div>\n<p>[\/vc_column_text][vc_column_text]<\/p>\n<h3 class=\"quem_title_txt line_100\">Vision:<\/h3>\n<div class=\"quem_title_txt line_100\">Seien Sie eine Referenz in der professionellen Fernausbildung und teilen Sie qualitativ hochwertiges Wissen.<\/div>\n<p>[\/vc_column_text][vc_column_text]<\/p>\n<h3 class=\"quem_title_txt line_100\">Prinzipien (Werte):<\/h3>\n<ul>\n<li>Ethik;<\/li>\n<li>Ehrlichkeit;<\/li>\n<li>Vertrauen;<\/li>\n<li>Engagement;<\/li>\n<li>Respekt<\/li>\n<\/ul>\n<p>[\/vc_column_text][vc_column_text]<\/p>\n<h3 class=\"quem_title_txt line_100\">Soziale Verantwortung::<\/h3>\n<div class=\"quem_title_txt line_100\">Render.Tips nimmt eine ethische und verantwortungsvolle Haltung gegen\u00fcber seinen Mitarbeitern, Lieferanten, Kunden und der Gesellschaft im Allgemeinen ein, einschlie\u00dflich des Respekts f\u00fcr die Umwelt.<br \/>\nRender.Tips bietet ein angenehmes Arbeitsumfeld und er\u00f6ffnet neue M\u00f6glichkeiten. Es tr\u00e4gt au\u00dferdem dazu bei, soziale Ungleichheit zu verringern, indem Menschen aus verschiedenen sozialen Schichten Zugang zu technischen Inhalten erhalten und sich verbessern k\u00f6nnen, wodurch sie neue Besch\u00e4ftigungsm\u00f6glichkeiten erhalten.<\/div>\n<p>[\/vc_column_text][vc_column_text]<\/p>\n<h3 class=\"quem_title_txt line_100\">Adresse:<\/h3>\n<div class=\"quem_title_txt line_100\">Brazil<br \/>\nsupport@render.tips<\/div>\n<p>[\/vc_column_text][\/vc_column][\/vc_row][vc_row][vc_column offset=&#8220;vc_hidden-lg vc_hidden-md&#8220;][vc_empty_space height=&#8220;30px&#8220;][vc_cta h2=&#8220;Menu&#8220; txt_align=&#8220;center&#8220;]<div class=\"menu-sobre-default menu-left-default\"><ul id=\"menu-sobre-render-german-1\" class=\"menu\"><li class=\"menu-item menu-item-type-post_type menu-item-object-page menu-item-208501\"><a href=\"https:\/\/render.tips\/de\/uber-render-tips\">\u00dcber Render.tips<\/a><\/li>\n<li class=\"menu-item menu-item-type-post_type menu-item-object-page menu-item-208502\"><a href=\"https:\/\/render.tips\/de\/uber-render-tips\/lehrmethode\">Lehrmethode<\/a><\/li>\n<li class=\"menu-item menu-item-type-post_type menu-item-object-page menu-item-208505\"><a href=\"https:\/\/render.tips\/de\/uber-render-tips\/sicherheit\">Seguran\u00e7a<\/a><\/li>\n<li class=\"menu-item menu-item-type-post_type menu-item-object-page menu-item-208503\"><a href=\"https:\/\/render.tips\/de\/uber-render-tips\/produkte\">Produkte<\/a><\/li>\n<\/ul><\/div>[\/vc_cta][\/vc_column][\/vc_row]<\/p>\n<\/div>","protected":false},"excerpt":{"rendered":"<p>[vc_row][vc_column][vc_separator][\/vc_column][\/vc_row][vc_row][vc_column width=&#8220;1\/4&#8243; offset=&#8220;vc_hidden-sm vc_hidden-xs&#8220;][vc_column_text][\/vc_column_text][\/vc_column][vc_column offset=&#8220;vc_col-lg-9 vc_col-md-9&#8243;][vc_column_text] Render.Tips: Render.Tips teilt Informationen, Lehrinhalte und erweitert den technischen und intellektuellen Horizont von Fachleuten auf allen Bildungsebenen. Mit einer auf Videolektionen basierenden Methodik f\u00fcr<\/p>\n","protected":false},"author":1,"featured_media":0,"parent":0,"menu_order":0,"comment_status":"closed","ping_status":"closed","template":"","meta":[],"acf":[],"yoast_head":"<!-- This site is optimized with the Yoast SEO plugin v15.9 - https:\/\/yoast.com\/wordpress\/plugins\/seo\/ -->\n<title>\u00dcber Render.tips | Online Courses from Basic to Advanced | RenderTips<\/title>\n<meta name=\"robots\" content=\"index, follow, max-snippet:-1, max-image-preview:large, max-video-preview:-1\" \/>\n<link rel=\"canonical\" href=\"https:\/\/render.tips\/de\/uber-render-tips\" \/>\n<meta property=\"og:locale\" content=\"de_DE\" \/>\n<meta property=\"og:type\" content=\"article\" \/>\n<meta property=\"og:title\" content=\"\u00dcber Render.tips | Online Courses from Basic to Advanced | RenderTips\" \/>\n<meta property=\"og:description\" content=\"[vc_row][vc_column][vc_separator][\/vc_column][\/vc_row][vc_row][vc_column width=&#8220;1\/4&#8243; offset=&#8220;vc_hidden-sm vc_hidden-xs&#8220;][vc_column_text][\/vc_column_text][\/vc_column][vc_column offset=&#8220;vc_col-lg-9 vc_col-md-9&#8243;][vc_column_text] Render.Tips: Render.Tips teilt Informationen, Lehrinhalte und erweitert den technischen und intellektuellen Horizont von Fachleuten auf allen Bildungsebenen. Mit einer auf Videolektionen basierenden Methodik f\u00fcr\" \/>\n<meta property=\"og:url\" content=\"https:\/\/render.tips\/de\/uber-render-tips\" \/>\n<meta property=\"og:site_name\" content=\"Online Courses from Basic to Advanced | RenderTips\" \/>\n<meta property=\"article:publisher\" content=\"https:\/\/www.facebook.com\/rendertipscourses\/\" \/>\n<meta property=\"article:modified_time\" content=\"2019-11-15T02:56:41+00:00\" \/>\n<meta property=\"og:image\" content=\"https:\/\/static.render.tips\/wp-content\/uploads\/2019\/08\/logo_1024.png\" \/>\n\t<meta property=\"og:image:width\" content=\"1024\" \/>\n\t<meta property=\"og:image:height\" content=\"1024\" \/>\n<meta name=\"twitter:card\" content=\"summary_large_image\" \/>\n<meta name=\"twitter:site\" content=\"@rendertips\" \/>\n<meta name=\"twitter:label1\" content=\"Gesch\u00e4tzte Lesezeit\">\n\t<meta name=\"twitter:data1\" content=\"2 Minuten\">\n<script type=\"application\/ld+json\" class=\"yoast-schema-graph\">{\"@context\":\"https:\/\/schema.org\",\"@graph\":[{\"@type\":\"Organization\",\"@id\":\"https:\/\/render.tips\/#organization\",\"name\":\"Render Tips\",\"url\":\"https:\/\/render.tips\/\",\"sameAs\":[\"https:\/\/www.facebook.com\/rendertipscourses\/\",\"https:\/\/www.instagram.com\/rendertips\/\",\"https:\/\/www.youtube.com\/channel\/UCx_9bcvh0_AQFGXxJ0StKSQ\",\"https:\/\/twitter.com\/rendertips\"],\"logo\":{\"@type\":\"ImageObject\",\"@id\":\"https:\/\/render.tips\/#logo\",\"inLanguage\":\"de-DE\",\"url\":\"https:\/\/static.render.tips\/wp-content\/uploads\/2019\/08\/logo_1024.png\",\"width\":1024,\"height\":1024,\"caption\":\"Render Tips\"},\"image\":{\"@id\":\"https:\/\/render.tips\/#logo\"}},{\"@type\":\"WebSite\",\"@id\":\"https:\/\/render.tips\/#website\",\"url\":\"https:\/\/render.tips\/\",\"name\":\"Online Courses from Basic to Advanced | RenderTips\",\"description\":\"Technology Online Courses - Solidworks, Autocad, Inventor, 3ds Max and More\",\"publisher\":{\"@id\":\"https:\/\/render.tips\/#organization\"},\"potentialAction\":[{\"@type\":\"SearchAction\",\"target\":\"https:\/\/render.tips\/?s={search_term_string}\",\"query-input\":\"required name=search_term_string\"}],\"inLanguage\":\"de-DE\"},{\"@type\":\"WebPage\",\"@id\":\"https:\/\/render.tips\/de\/uber-render-tips#webpage\",\"url\":\"https:\/\/render.tips\/de\/uber-render-tips\",\"name\":\"\\u00dcber Render.tips | Online Courses from Basic to Advanced | RenderTips\",\"isPartOf\":{\"@id\":\"https:\/\/render.tips\/#website\"},\"datePublished\":\"2016-06-30T04:15:08+00:00\",\"dateModified\":\"2019-11-15T02:56:41+00:00\",\"breadcrumb\":{\"@id\":\"https:\/\/render.tips\/de\/uber-render-tips#breadcrumb\"},\"inLanguage\":\"de-DE\",\"potentialAction\":[{\"@type\":\"ReadAction\",\"target\":[\"https:\/\/render.tips\/de\/uber-render-tips\"]}]},{\"@type\":\"BreadcrumbList\",\"@id\":\"https:\/\/render.tips\/de\/uber-render-tips#breadcrumb\",\"itemListElement\":[{\"@type\":\"ListItem\",\"position\":1,\"item\":{\"@type\":\"WebPage\",\"@id\":\"https:\/\/render.tips\/de\",\"url\":\"https:\/\/render.tips\/de\",\"name\":\"Home\"}},{\"@type\":\"ListItem\",\"position\":2,\"item\":{\"@type\":\"WebPage\",\"@id\":\"https:\/\/render.tips\/de\/uber-render-tips\",\"url\":\"https:\/\/render.tips\/de\/uber-render-tips\",\"name\":\"\\u00dcber Render.tips\"}}]}]}<\/script>\n<!-- \/ Yoast SEO plugin. -->","_links":{"self":[{"href":"https:\/\/render.tips\/de\/wp-json\/wp\/v2\/pages\/208245"}],"collection":[{"href":"https:\/\/render.tips\/de\/wp-json\/wp\/v2\/pages"}],"about":[{"href":"https:\/\/render.tips\/de\/wp-json\/wp\/v2\/types\/page"}],"author":[{"embeddable":true,"href":"https:\/\/render.tips\/de\/wp-json\/wp\/v2\/users\/1"}],"replies":[{"embeddable":true,"href":"https:\/\/render.tips\/de\/wp-json\/wp\/v2\/comments?post=208245"}],"version-history":[{"count":3,"href":"https:\/\/render.tips\/de\/wp-json\/wp\/v2\/pages\/208245\/revisions"}],"predecessor-version":[{"id":211067,"href":"https:\/\/render.tips\/de\/wp-json\/wp\/v2\/pages\/208245\/revisions\/211067"}],"wp:attachment":[{"href":"https:\/\/render.tips\/de\/wp-json\/wp\/v2\/media?parent=208245"}],"curies":[{"name":"wp","href":"https:\/\/api.w.org\/{rel}","templated":true}]}}