{"id":208241,"date":"2016-06-30T01:26:31","date_gmt":"2016-06-30T04:26:31","guid":{"rendered":"https:\/\/render.tips\/entre-em-contato"},"modified":"2025-05-13T00:39:50","modified_gmt":"2025-05-13T03:39:50","slug":"contact","status":"publish","type":"page","link":"https:\/\/render.tips\/de\/contact","title":{"rendered":"Treten Sie in Kontakt"},"content":{"rendered":"<div class=\"wpb-content-wrapper\"><p>[vc_row][vc_column][vc_column_text]<strong>Kontakt:<\/strong><\/p>\n<p>Vertrieb: sales@render.tips<br \/>\nUnterst\u00fctzung: support@render.tips[\/vc_column_text][vc_column_text]<strong>Servicezeiten:<\/strong><br \/>\nMontag bis Freitag: 9:00 bis 12:00 Uhr; 14:00 bis 17:00 Uhr<\/p>\n<p><strong>Adresse:<\/strong><\/p>\n<p>Render.Tips &#8211; Brazil[\/vc_column_text][\/vc_column][\/vc_row][vc_row disable_element=&#8220;yes&#8220;][vc_column width=&#8220;1\/2&#8243;][vc_column_text]Wenn Sie Hilfe ben\u00f6tigen, eine Beschwerde haben oder einen Kommentar abgeben m\u00f6chten, f\u00fcllen Sie bitte das folgende Formular aus und senden Sie Ihre Nachricht an uns.[\/vc_column_text][vc_column_text]<\/p>\n<p>[caldera_form id=&#8220;CF59d82b717e662&#8243;]<\/p>\n<p>[\/vc_column_text][\/vc_column][vc_column width=&#8220;1\/2&#8243;][vc_column_text]<strong>Kontakt:<\/strong><\/p>\n<p>Vertrieb: sales@render.tips<br \/>\nUnterst\u00fctzung: support@render.tips[\/vc_column_text][vc_column_text]<strong>Servicezeiten:<\/strong><br \/>\nMontag bis Freitag: 9:00 bis 12:00 Uhr; 14:00 bis 17:00 Uhr<\/p>\n<p><strong>Adresse:<\/strong><\/p>\n<p>Render.Tips &#8211; Brazil[\/vc_column_text][\/vc_column][\/vc_row]<\/p>\n<\/div>","protected":false},"excerpt":{"rendered":"<p>[vc_row][vc_column][vc_column_text]Kontakt: Vertrieb: sales@render.tips Unterst\u00fctzung: support@render.tips[\/vc_column_text][vc_column_text]Servicezeiten: Montag bis Freitag: 9:00 bis 12:00 Uhr; 14:00 bis 17:00 Uhr Adresse: Render.Tips &#8211; Brazil[\/vc_column_text][\/vc_column][\/vc_row][vc_row disable_element=&#8220;yes&#8220;][vc_column width=&#8220;1\/2&#8243;][vc_column_text]Wenn Sie Hilfe ben\u00f6tigen, eine Beschwerde haben oder einen<\/p>\n","protected":false},"author":1,"featured_media":0,"parent":0,"menu_order":0,"comment_status":"closed","ping_status":"closed","template":"","meta":[],"acf":[],"yoast_head":"<!-- This site is optimized with the Yoast SEO plugin v15.9 - https:\/\/yoast.com\/wordpress\/plugins\/seo\/ -->\n<title>Entre em contato conosco | Online Courses from Basic to Advanced | RenderTips<\/title>\n<meta name=\"description\" content=\"Entre em contato conosco: Estamos sempre prontos para atender voc\u00ea\" \/>\n<meta name=\"robots\" content=\"index, follow, max-snippet:-1, max-image-preview:large, max-video-preview:-1\" \/>\n<link rel=\"canonical\" href=\"https:\/\/render.tips\/de\/contact\" \/>\n<meta property=\"og:locale\" content=\"de_DE\" \/>\n<meta property=\"og:type\" content=\"article\" \/>\n<meta property=\"og:title\" content=\"Entre em contato conosco | Online Courses from Basic to Advanced | RenderTips\" \/>\n<meta property=\"og:description\" content=\"Entre em contato conosco: Estamos sempre prontos para atender voc\u00ea\" \/>\n<meta property=\"og:url\" content=\"https:\/\/render.tips\/de\/contact\" \/>\n<meta property=\"og:site_name\" content=\"Online Courses from Basic to Advanced | RenderTips\" \/>\n<meta property=\"article:publisher\" content=\"https:\/\/www.facebook.com\/rendertipscourses\/\" \/>\n<meta property=\"article:modified_time\" content=\"2025-05-13T03:39:50+00:00\" \/>\n<meta property=\"og:image\" content=\"https:\/\/static.render.tips\/wp-content\/uploads\/2019\/08\/logo_1024.png\" \/>\n\t<meta property=\"og:image:width\" content=\"1024\" \/>\n\t<meta property=\"og:image:height\" content=\"1024\" \/>\n<meta name=\"twitter:card\" content=\"summary_large_image\" \/>\n<meta name=\"twitter:site\" content=\"@rendertips\" \/>\n<meta name=\"twitter:label1\" content=\"Gesch\u00e4tzte Lesezeit\">\n\t<meta name=\"twitter:data1\" content=\"1 Minute\">\n<script type=\"application\/ld+json\" class=\"yoast-schema-graph\">{\"@context\":\"https:\/\/schema.org\",\"@graph\":[{\"@type\":\"Organization\",\"@id\":\"https:\/\/render.tips\/#organization\",\"name\":\"Render Tips\",\"url\":\"https:\/\/render.tips\/\",\"sameAs\":[\"https:\/\/www.facebook.com\/rendertipscourses\/\",\"https:\/\/www.instagram.com\/rendertips\/\",\"https:\/\/www.youtube.com\/channel\/UCx_9bcvh0_AQFGXxJ0StKSQ\",\"https:\/\/twitter.com\/rendertips\"],\"logo\":{\"@type\":\"ImageObject\",\"@id\":\"https:\/\/render.tips\/#logo\",\"inLanguage\":\"de-DE\",\"url\":\"https:\/\/static.render.tips\/wp-content\/uploads\/2019\/08\/logo_1024.png\",\"width\":1024,\"height\":1024,\"caption\":\"Render Tips\"},\"image\":{\"@id\":\"https:\/\/render.tips\/#logo\"}},{\"@type\":\"WebSite\",\"@id\":\"https:\/\/render.tips\/#website\",\"url\":\"https:\/\/render.tips\/\",\"name\":\"Online Courses from Basic to Advanced | RenderTips\",\"description\":\"Technology Online Courses - Solidworks, Autocad, Inventor, 3ds Max and More\",\"publisher\":{\"@id\":\"https:\/\/render.tips\/#organization\"},\"potentialAction\":[{\"@type\":\"SearchAction\",\"target\":\"https:\/\/render.tips\/?s={search_term_string}\",\"query-input\":\"required name=search_term_string\"}],\"inLanguage\":\"de-DE\"},{\"@type\":\"WebPage\",\"@id\":\"https:\/\/render.tips\/de\/contact#webpage\",\"url\":\"https:\/\/render.tips\/de\/contact\",\"name\":\"Entre em contato conosco | Online Courses from Basic to Advanced | RenderTips\",\"isPartOf\":{\"@id\":\"https:\/\/render.tips\/#website\"},\"datePublished\":\"2016-06-30T04:26:31+00:00\",\"dateModified\":\"2025-05-13T03:39:50+00:00\",\"description\":\"Entre em contato conosco: Estamos sempre prontos para atender voc\\u00ea\",\"breadcrumb\":{\"@id\":\"https:\/\/render.tips\/de\/contact#breadcrumb\"},\"inLanguage\":\"de-DE\",\"potentialAction\":[{\"@type\":\"ReadAction\",\"target\":[\"https:\/\/render.tips\/de\/contact\"]}]},{\"@type\":\"BreadcrumbList\",\"@id\":\"https:\/\/render.tips\/de\/contact#breadcrumb\",\"itemListElement\":[{\"@type\":\"ListItem\",\"position\":1,\"item\":{\"@type\":\"WebPage\",\"@id\":\"https:\/\/render.tips\/de\",\"url\":\"https:\/\/render.tips\/de\",\"name\":\"Home\"}},{\"@type\":\"ListItem\",\"position\":2,\"item\":{\"@type\":\"WebPage\",\"@id\":\"https:\/\/render.tips\/de\/contact\",\"url\":\"https:\/\/render.tips\/de\/contact\",\"name\":\"Treten Sie in Kontakt\"}}]}]}<\/script>\n<!-- \/ Yoast SEO plugin. -->","_links":{"self":[{"href":"https:\/\/render.tips\/de\/wp-json\/wp\/v2\/pages\/208241"}],"collection":[{"href":"https:\/\/render.tips\/de\/wp-json\/wp\/v2\/pages"}],"about":[{"href":"https:\/\/render.tips\/de\/wp-json\/wp\/v2\/types\/page"}],"author":[{"embeddable":true,"href":"https:\/\/render.tips\/de\/wp-json\/wp\/v2\/users\/1"}],"replies":[{"embeddable":true,"href":"https:\/\/render.tips\/de\/wp-json\/wp\/v2\/comments?post=208241"}],"version-history":[{"count":4,"href":"https:\/\/render.tips\/de\/wp-json\/wp\/v2\/pages\/208241\/revisions"}],"predecessor-version":[{"id":235195,"href":"https:\/\/render.tips\/de\/wp-json\/wp\/v2\/pages\/208241\/revisions\/235195"}],"wp:attachment":[{"href":"https:\/\/render.tips\/de\/wp-json\/wp\/v2\/media?parent=208241"}],"curies":[{"name":"wp","href":"https:\/\/api.w.org\/{rel}","templated":true}]}}